{"id":6141,"date":"2026-03-13T17:02:01","date_gmt":"2026-03-13T09:02:01","guid":{"rendered":"https:\/\/allgensin.com\/?post_type=product&#038;p=6141"},"modified":"2026-03-13T17:02:02","modified_gmt":"2026-03-13T09:02:02","slug":"hematology-replacing-reagent-for-sysmex","status":"publish","type":"product","link":"https:\/\/allgensin.com\/pt\/product\/hematology-replacing-reagent-for-sysmex\/","title":{"rendered":"Hematology Replacing Reagent for Sysmex"},"content":{"rendered":"<table width=\"465\">\n<tbody>\n<tr>\n<td width=\"156\">Product Name<\/td>\n<td width=\"166\">Specifications<\/td>\n<td width=\"143\">Model<\/td>\n<\/tr>\n<tr>\n<td colspan=\"3\">Sysmex<\/td>\n<\/tr>\n<tr>\n<td width=\"156\">SY-Diluent<\/td>\n<td width=\"166\">20L<\/td>\n<td rowspan=\"3\" width=\"143\">Sysmex KX-21\/21N\/PocH-100i<\/td>\n<\/tr>\n<tr>\n<td width=\"156\">SY-Lyse<\/td>\n<td width=\"166\">500ml\u00d73<\/td>\n<\/tr>\n<tr>\n<td width=\"156\">Cell Cleanser<\/td>\n<td width=\"166\">50ml<\/td>\n<\/tr>\n<tr>\n<td width=\"156\">SY-Diluent<\/td>\n<td width=\"166\">20L<\/td>\n<td rowspan=\"4\" width=\"143\">Sysmex K-4500<\/td>\n<\/tr>\n<tr>\n<td width=\"156\">SULFOLYSER 3WP<\/td>\n<td width=\"166\">500ml\u00d73<\/td>\n<\/tr>\n<tr>\n<td width=\"156\">SULFOLYSER HGBI<\/td>\n<td width=\"166\">500ml\u00d73<\/td>\n<\/tr>\n<tr>\n<td width=\"156\">CELL Cleaning<\/td>\n<td width=\"166\">50ml<\/td>\n<\/tr>\n<tr>\n<td width=\"156\">SY Diluent-1<\/td>\n<td width=\"166\">20L<\/td>\n<td rowspan=\"5\" width=\"143\">Sysmex XS-500i\/800i\/900i\/1000i<\/td>\n<\/tr>\n<tr>\n<td width=\"156\">SULFOLYSER SLS<\/td>\n<td width=\"166\">500ml<\/td>\n<\/tr>\n<tr>\n<td width=\"156\">SULFOLYSER 4DL<\/td>\n<td width=\"166\">5L<\/td>\n<\/tr>\n<tr>\n<td width=\"156\">Fluorocell 4DS<\/td>\n<td width=\"166\">42ml\u00d73<\/td>\n<\/tr>\n<tr>\n<td width=\"156\">CELL Cleaning Solution<\/td>\n<td width=\"166\">50ml<\/td>\n<\/tr>\n<tr>\n<td width=\"156\">SY-Diluent<\/td>\n<td width=\"166\">20L<\/td>\n<td rowspan=\"8\" width=\"143\">Sysmex XT-1800i\/2000i\/4000<\/td>\n<\/tr>\n<tr>\n<td width=\"156\">SULFOLYSER FBA<\/td>\n<td width=\"166\">5L<\/td>\n<\/tr>\n<tr>\n<td width=\"156\">SULFOLYSER HGBI<\/td>\n<td width=\"166\">5L<\/td>\n<\/tr>\n<tr>\n<td width=\"156\">SULFOLYSER 4DL<\/td>\n<td width=\"166\">5L<\/td>\n<\/tr>\n<tr>\n<td width=\"156\">Fluorocell 4DS<\/td>\n<td width=\"166\">42ml\u00d73<\/td>\n<\/tr>\n<tr>\n<td width=\"156\">Fluorocell RET-1<\/td>\n<td width=\"166\">1L+12ml<\/td>\n<\/tr>\n<tr>\n<td width=\"156\">CELLPACK DFL<\/td>\n<td width=\"166\">1L+12ml<\/td>\n<\/tr>\n<tr>\n<td width=\"156\">CELL Cleaning Solution<\/td>\n<td width=\"166\">50ml<\/td>\n<\/tr>\n<tr>\n<td width=\"156\">Diluent-SY<\/td>\n<td width=\"166\">20L<\/td>\n<td rowspan=\"12\" width=\"143\">Sysmex XE-2100\/5000<\/td>\n<\/tr>\n<tr>\n<td width=\"156\">Lyse-XKFB<\/td>\n<td width=\"166\">5L<\/td>\n<\/tr>\n<tr>\n<td width=\"156\">Lyse-HGB \u2160<\/td>\n<td width=\"166\">5L<\/td>\n<\/tr>\n<tr>\n<td width=\"156\">Lyse-XKFD<\/td>\n<td width=\"166\">5L<\/td>\n<\/tr>\n<tr>\n<td width=\"156\">Dye-4DS<\/td>\n<td width=\"166\">42ml\u00d73<\/td>\n<\/tr>\n<tr>\n<td width=\"156\">Diluent-FDL<\/td>\n<td width=\"166\">1L+12ml<\/td>\n<\/tr>\n<tr>\n<td width=\"156\">Dye-RE<\/td>\n<td width=\"166\">1L+12ml<\/td>\n<\/tr>\n<tr>\n<td width=\"156\">Lyse-XKNR<\/td>\n<td width=\"166\">1L+12ml<\/td>\n<\/tr>\n<tr>\n<td width=\"156\">Dye-XKNR<\/td>\n<td width=\"166\">1L+12ml<\/td>\n<\/tr>\n<tr>\n<td width=\"156\">Lyse -XKIM<\/td>\n<td width=\"166\">5L<\/td>\n<\/tr>\n<tr>\n<td width=\"156\">Lyse-SY<\/td>\n<td width=\"166\">20L<\/td>\n<\/tr>\n<tr>\n<td width=\"156\">K &#8211; Cleanser<\/td>\n<td width=\"166\">50ml<\/td>\n<\/tr>\n<tr>\n<td width=\"156\">SY Diluent-3<\/td>\n<td width=\"166\">10L<\/td>\n<td rowspan=\"8\" width=\"143\">Sysmex XN350\/550<\/td>\n<\/tr>\n<tr>\n<td width=\"156\">SULFOLYSER HGB IV<\/td>\n<td width=\"166\">500ml*3<\/td>\n<\/tr>\n<tr>\n<td width=\"156\">Lysercell WDF-1<\/td>\n<td width=\"166\">2L<\/td>\n<\/tr>\n<tr>\n<td width=\"156\">Fluorocell WDF<\/td>\n<td width=\"166\">22ml*2<\/td>\n<\/tr>\n<tr>\n<td width=\"156\">CELLPACK DFL<\/td>\n<td width=\"166\">1L<\/td>\n<\/tr>\n<tr>\n<td width=\"156\">Fluorocell RET-1<\/td>\n<td width=\"166\">12ml\u00d72<\/td>\n<\/tr>\n<tr>\n<td width=\"156\">Cell Cleanser<\/td>\n<td width=\"166\">4ml*20<\/td>\n<\/tr>\n<tr>\n<td width=\"156\">K\u00a0 &#8211; Cleanser<\/td>\n<td width=\"166\">50ml<\/td>\n<\/tr>\n<tr>\n<td width=\"156\">SY Diluent-3<\/td>\n<td width=\"166\">10L<\/td>\n<td rowspan=\"8\" width=\"143\">Sysmex XN350\/550<\/td>\n<\/tr>\n<tr>\n<td width=\"156\">SULFOLYSER HGB IV<\/td>\n<td width=\"166\">500ml*3<\/td>\n<\/tr>\n<tr>\n<td width=\"156\">Lysercell WDF-1<\/td>\n<td width=\"166\">2L<\/td>\n<\/tr>\n<tr>\n<td width=\"156\">Fluorocell WDF<\/td>\n<td width=\"166\">22ml*2<\/td>\n<\/tr>\n<tr>\n<td width=\"156\">CELLPACK DFL<\/td>\n<td width=\"166\">1L<\/td>\n<\/tr>\n<tr>\n<td width=\"156\">Fluorocell RET-1<\/td>\n<td width=\"166\">12ml\u00d72<\/td>\n<\/tr>\n<tr>\n<td width=\"156\">Cell Cleanser<\/td>\n<td width=\"166\">4ml*20<\/td>\n<\/tr>\n<tr>\n<td width=\"156\">K\u00a0 &#8211; Cleanser<\/td>\n<td width=\"166\">50ml<\/td>\n<\/tr>\n<tr>\n<td width=\"156\">SY Diluent-2<\/td>\n<td width=\"166\">20L<\/td>\n<td rowspan=\"13\" width=\"143\">Sysmex XN-1000\/2000 \u7cfb\u5217<\/td>\n<\/tr>\n<tr>\n<td width=\"156\">Lysercell WDF<\/td>\n<td width=\"166\">4L \u00d7 2<\/td>\n<\/tr>\n<tr>\n<td width=\"156\">Fluorocell WNR-1<\/td>\n<td width=\"166\">4L \u00d7 2<\/td>\n<\/tr>\n<tr>\n<td width=\"156\">SULFOLYSER SLS-1<\/td>\n<td width=\"166\">1500ml \u00d7 2<\/td>\n<\/tr>\n<tr>\n<td width=\"156\">Fluorocell WDF-1<\/td>\n<td width=\"166\">42ml \u00d7 2<\/td>\n<\/tr>\n<tr>\n<td width=\"156\">Fluorocell WNR<\/td>\n<td width=\"166\">82ml \u00d7 2<\/td>\n<\/tr>\n<tr>\n<td width=\"156\">Fluorocell PLT<\/td>\n<td width=\"166\">12ml \u00d7 2<\/td>\n<\/tr>\n<tr>\n<td width=\"156\">Fluorocell RET-2<\/td>\n<td width=\"166\">12ml \u00d7 2<\/td>\n<\/tr>\n<tr>\n<td width=\"156\">CELLPACK DFL<\/td>\n<td width=\"166\">1.5L \u00d7 2<\/td>\n<\/tr>\n<tr>\n<td width=\"156\">SULFOLYSER WPC<\/td>\n<td width=\"166\">1.5L \u00d7 2<\/td>\n<\/tr>\n<tr>\n<td width=\"156\">CELLPACK DFL<\/td>\n<td width=\"166\">12ml \u00d7 2<\/td>\n<\/tr>\n<tr>\n<td width=\"156\">Cell Cleanser<\/td>\n<td width=\"166\">4ml \u00d7 20<\/td>\n<\/tr>\n<tr>\n<td width=\"156\">K\u00a0 &#8211; Cleanser<\/td>\n<td width=\"166\">50ml<\/td>\n<\/tr>\n<\/tbody>\n<\/table>","protected":false},"excerpt":{"rendered":"<p>Product Name Specifications Model Sysmex SY-Diluent 20L Sysmex KX-21\/21N\/PocH-100i SY-Lyse 500ml\u00d73 Cell Cleanser 50ml SY-Diluent 20L Sysmex K-4500 SULFOLYSER 3WP 500ml\u00d73 SULFOLYSER HGBI 500ml\u00d73 CELL Cleaning 50ml SY Diluent-1 20L Sysmex XS-500i\/800i\/900i\/1000i SULFOLYSER SLS 500ml SULFOLYSER 4DL 5L Fluorocell 4DS 42ml\u00d73 CELL Cleaning Solution 50ml SY-Diluent 20L Sysmex XT-1800i\/2000i\/4000 SULFOLYSER FBA 5L SULFOLYSER HGBI 5L [&hellip;]<\/p>\n","protected":false},"featured_media":6144,"template":"","meta":{"_surecart_dashboard_logo_width":"180px","_surecart_dashboard_show_logo":true,"_surecart_dashboard_navigation_orders":true,"_surecart_dashboard_navigation_invoices":true,"_surecart_dashboard_navigation_subscriptions":true,"_surecart_dashboard_navigation_downloads":true,"_surecart_dashboard_navigation_billing":true,"_surecart_dashboard_navigation_account":true,"_uag_custom_page_level_css":"","site-sidebar-layout":"default","site-content-layout":"","ast-site-content-layout":"default","site-content-style":"default","site-sidebar-style":"default","ast-global-header-display":"","ast-banner-title-visibility":"","ast-main-header-display":"","ast-hfb-above-header-display":"","ast-hfb-below-header-display":"","ast-hfb-mobile-header-display":"","site-post-title":"","ast-breadcrumbs-content":"","ast-featured-img":"","footer-sml-layout":"","ast-disable-related-posts":"","theme-transparent-header-meta":"default","adv-header-id-meta":"","stick-header-meta":"","header-above-stick-meta":"","header-main-stick-meta":"","header-below-stick-meta":"","astra-migrate-meta-layouts":"set","ast-page-background-enabled":"default","ast-page-background-meta":{"desktop":{"background-color":"","background-image":"","background-repeat":"repeat","background-position":"center center","background-size":"auto","background-attachment":"scroll","background-type":"","background-media":"","overlay-type":"","overlay-color":"","overlay-opacity":"","overlay-gradient":""},"tablet":{"background-color":"","background-image":"","background-repeat":"repeat","background-position":"center center","background-size":"auto","background-attachment":"scroll","background-type":"","background-media":"","overlay-type":"","overlay-color":"","overlay-opacity":"","overlay-gradient":""},"mobile":{"background-color":"","background-image":"","background-repeat":"repeat","background-position":"center center","background-size":"auto","background-attachment":"scroll","background-type":"","background-media":"","overlay-type":"","overlay-color":"","overlay-opacity":"","overlay-gradient":""}},"ast-content-background-meta":{"desktop":{"background-color":"var(--ast-global-color-5)","background-image":"","background-repeat":"repeat","background-position":"center center","background-size":"auto","background-attachment":"scroll","background-type":"","background-media":"","overlay-type":"","overlay-color":"","overlay-opacity":"","overlay-gradient":""},"tablet":{"background-color":"var(--ast-global-color-5)","background-image":"","background-repeat":"repeat","background-position":"center center","background-size":"auto","background-attachment":"scroll","background-type":"","background-media":"","overlay-type":"","overlay-color":"","overlay-opacity":"","overlay-gradient":""},"mobile":{"background-color":"var(--ast-global-color-5)","background-image":"","background-repeat":"repeat","background-position":"center center","background-size":"auto","background-attachment":"scroll","background-type":"","background-media":"","overlay-type":"","overlay-color":"","overlay-opacity":"","overlay-gradient":""}}},"product_brand":[76],"product_cat":[106],"product_tag":[],"class_list":{"0":"post-6141","1":"product","2":"type-product","3":"status-publish","4":"has-post-thumbnail","6":"product_brand-allgensin","7":"product_cat-hematology","8":"desktop-align-left","9":"tablet-align-left","10":"mobile-align-left","12":"first","13":"instock","14":"shipping-taxable","15":"product-type-simple"},"uagb_featured_image_src":{"full":["https:\/\/allgensin.com\/wp-content\/uploads\/2026\/03\/Sysmex\u8bd5\u5242\u56fe\u7247.jpg",1280,1705,false],"thumbnail":["https:\/\/allgensin.com\/wp-content\/uploads\/2026\/03\/Sysmex\u8bd5\u5242\u56fe\u7247-150x150.jpg",150,150,true],"medium":["https:\/\/allgensin.com\/wp-content\/uploads\/2026\/03\/Sysmex\u8bd5\u5242\u56fe\u7247-225x300.jpg",225,300,true],"medium_large":["https:\/\/allgensin.com\/wp-content\/uploads\/2026\/03\/Sysmex\u8bd5\u5242\u56fe\u7247-768x1023.jpg",768,1023,true],"large":["https:\/\/allgensin.com\/wp-content\/uploads\/2026\/03\/Sysmex\u8bd5\u5242\u56fe\u7247-769x1024.jpg",769,1024,true],"1536x1536":["https:\/\/allgensin.com\/wp-content\/uploads\/2026\/03\/Sysmex\u8bd5\u5242\u56fe\u7247-1153x1536.jpg",1153,1536,true],"2048x2048":["https:\/\/allgensin.com\/wp-content\/uploads\/2026\/03\/Sysmex\u8bd5\u5242\u56fe\u7247.jpg",1280,1705,false],"trp-custom-language-flag":["https:\/\/allgensin.com\/wp-content\/uploads\/2026\/03\/Sysmex\u8bd5\u5242\u56fe\u7247-9x12.jpg",9,12,true],"woocommerce_thumbnail":["https:\/\/allgensin.com\/wp-content\/uploads\/2026\/03\/Sysmex\u8bd5\u5242\u56fe\u7247-300x300.jpg",300,300,true],"woocommerce_single":["https:\/\/allgensin.com\/wp-content\/uploads\/2026\/03\/Sysmex\u8bd5\u5242\u56fe\u7247-600x799.jpg",600,799,true],"woocommerce_gallery_thumbnail":["https:\/\/allgensin.com\/wp-content\/uploads\/2026\/03\/Sysmex\u8bd5\u5242\u56fe\u7247-100x100.jpg",100,100,true]},"uagb_author_info":{"display_name":"Vera","author_link":"https:\/\/allgensin.com\/pt\/author\/"},"uagb_comment_info":0,"uagb_excerpt":"Product Name Specifications Model Sysmex SY-Diluent 20L Sysmex KX-21\/21N\/PocH-100i SY-Lyse 500ml\u00d73 Cell Cleanser 50ml SY-Diluent 20L Sysmex K-4500 SULFOLYSER 3WP 500ml\u00d73 SULFOLYSER HGBI 500ml\u00d73 CELL Cleaning 50ml SY Diluent-1 20L Sysmex XS-500i\/800i\/900i\/1000i SULFOLYSER SLS 500ml SULFOLYSER 4DL 5L Fluorocell 4DS 42ml\u00d73 CELL Cleaning Solution 50ml SY-Diluent 20L Sysmex XT-1800i\/2000i\/4000 SULFOLYSER FBA 5L SULFOLYSER HGBI 5L&hellip;","_links":{"self":[{"href":"https:\/\/allgensin.com\/pt\/wp-json\/wp\/v2\/product\/6141","targetHints":{"allow":["GET"]}}],"collection":[{"href":"https:\/\/allgensin.com\/pt\/wp-json\/wp\/v2\/product"}],"about":[{"href":"https:\/\/allgensin.com\/pt\/wp-json\/wp\/v2\/types\/product"}],"wp:featuredmedia":[{"embeddable":true,"href":"https:\/\/allgensin.com\/pt\/wp-json\/wp\/v2\/media\/6144"}],"wp:attachment":[{"href":"https:\/\/allgensin.com\/pt\/wp-json\/wp\/v2\/media?parent=6141"}],"wp:term":[{"taxonomy":"product_brand","embeddable":true,"href":"https:\/\/allgensin.com\/pt\/wp-json\/wp\/v2\/product_brand?post=6141"},{"taxonomy":"product_cat","embeddable":true,"href":"https:\/\/allgensin.com\/pt\/wp-json\/wp\/v2\/product_cat?post=6141"},{"taxonomy":"product_tag","embeddable":true,"href":"https:\/\/allgensin.com\/pt\/wp-json\/wp\/v2\/product_tag?post=6141"}],"curies":[{"name":"wp","href":"https:\/\/api.w.org\/{rel}","templated":true}]}}