{"id":6052,"date":"2025-07-04T17:05:31","date_gmt":"2025-07-04T09:05:31","guid":{"rendered":"https:\/\/allgensin.com\/?post_type=product&#038;p=6052"},"modified":"2025-07-04T17:06:31","modified_gmt":"2025-07-04T09:06:31","slug":"solucao-tampao-de-limpeza-do-analisador-de-imunoensaio-quimioluminescente-9","status":"publish","type":"product","link":"https:\/\/allgensin.com\/pt\/product\/solucao-tampao-de-limpeza-do-analisador-de-imunoensaio-quimioluminescente-9\/","title":{"rendered":"Solu\u00e7\u00e3o tamp\u00e3o\/de limpeza do analisador de imunoensaio quimioluminescente"},"content":{"rendered":"<p>Fornecemos as solu\u00e7\u00f5es aplic\u00e1veis a Beckman ACCESS \/ ACCESS2 Unicel DXI600 \/ 800 DXC 600i \/ DXC660i DXC 860i \/ DXC880i \uff1a<\/p>\n<p>Tamp\u00e3o de lavagem II<\/p>\n<p>&nbsp;<\/p>","protected":false},"excerpt":{"rendered":"<p>We provide the solutions applicable to Beckman ACCESS\/ACCESS2 Unicel DXI600\/800 DXC 600i\/DXC660i DXC 860i\/DXC880i\uff1a Wash Buffer II &nbsp;<\/p>","protected":false},"featured_media":6053,"template":"","meta":{"_surecart_dashboard_logo_width":"180px","_surecart_dashboard_show_logo":true,"_surecart_dashboard_navigation_orders":true,"_surecart_dashboard_navigation_invoices":true,"_surecart_dashboard_navigation_subscriptions":true,"_surecart_dashboard_navigation_downloads":true,"_surecart_dashboard_navigation_billing":true,"_surecart_dashboard_navigation_account":true,"_uag_custom_page_level_css":"","site-sidebar-layout":"default","site-content-layout":"","ast-site-content-layout":"default","site-content-style":"default","site-sidebar-style":"default","ast-global-header-display":"","ast-banner-title-visibility":"","ast-main-header-display":"","ast-hfb-above-header-display":"","ast-hfb-below-header-display":"","ast-hfb-mobile-header-display":"","site-post-title":"","ast-breadcrumbs-content":"","ast-featured-img":"","footer-sml-layout":"","ast-disable-related-posts":"","theme-transparent-header-meta":"default","adv-header-id-meta":"","stick-header-meta":"default","header-above-stick-meta":"","header-main-stick-meta":"","header-below-stick-meta":"","astra-migrate-meta-layouts":"set","ast-page-background-enabled":"default","ast-page-background-meta":{"desktop":{"background-color":"","background-image":"","background-repeat":"repeat","background-position":"center center","background-size":"auto","background-attachment":"scroll","background-type":"","background-media":"","overlay-type":"","overlay-color":"","overlay-opacity":"","overlay-gradient":""},"tablet":{"background-color":"","background-image":"","background-repeat":"repeat","background-position":"center center","background-size":"auto","background-attachment":"scroll","background-type":"","background-media":"","overlay-type":"","overlay-color":"","overlay-opacity":"","overlay-gradient":""},"mobile":{"background-color":"","background-image":"","background-repeat":"repeat","background-position":"center center","background-size":"auto","background-attachment":"scroll","background-type":"","background-media":"","overlay-type":"","overlay-color":"","overlay-opacity":"","overlay-gradient":""}},"ast-content-background-meta":{"desktop":{"background-color":"var(--ast-global-color-5)","background-image":"","background-repeat":"repeat","background-position":"center center","background-size":"auto","background-attachment":"scroll","background-type":"","background-media":"","overlay-type":"","overlay-color":"","overlay-opacity":"","overlay-gradient":""},"tablet":{"background-color":"var(--ast-global-color-5)","background-image":"","background-repeat":"repeat","background-position":"center center","background-size":"auto","background-attachment":"scroll","background-type":"","background-media":"","overlay-type":"","overlay-color":"","overlay-opacity":"","overlay-gradient":""},"mobile":{"background-color":"var(--ast-global-color-5)","background-image":"","background-repeat":"repeat","background-position":"center center","background-size":"auto","background-attachment":"scroll","background-type":"","background-media":"","overlay-type":"","overlay-color":"","overlay-opacity":"","overlay-gradient":""}}},"product_brand":[76],"product_cat":[107],"product_tag":[],"class_list":{"0":"post-6052","1":"product","2":"type-product","3":"status-publish","4":"has-post-thumbnail","6":"product_brand-allgensin","7":"product_cat-chemistry","8":"desktop-align-left","9":"tablet-align-left","10":"mobile-align-left","12":"first","13":"instock","14":"shipping-taxable","15":"product-type-simple"},"uagb_featured_image_src":{"full":["https:\/\/allgensin.com\/wp-content\/uploads\/2025\/07\/\u9002\u7528\u4e8e\u8d1d\u514b\u66fcACCESS\u7cfb\u5217\u5316\u5b66\u53d1\u5149\u514d\u75ab\u5206\u6790\u4eea.jpg",1000,500,false],"thumbnail":["https:\/\/allgensin.com\/wp-content\/uploads\/2025\/07\/\u9002\u7528\u4e8e\u8d1d\u514b\u66fcACCESS\u7cfb\u5217\u5316\u5b66\u53d1\u5149\u514d\u75ab\u5206\u6790\u4eea-150x150.jpg",150,150,true],"medium":["https:\/\/allgensin.com\/wp-content\/uploads\/2025\/07\/\u9002\u7528\u4e8e\u8d1d\u514b\u66fcACCESS\u7cfb\u5217\u5316\u5b66\u53d1\u5149\u514d\u75ab\u5206\u6790\u4eea-300x150.jpg",300,150,true],"medium_large":["https:\/\/allgensin.com\/wp-content\/uploads\/2025\/07\/\u9002\u7528\u4e8e\u8d1d\u514b\u66fcACCESS\u7cfb\u5217\u5316\u5b66\u53d1\u5149\u514d\u75ab\u5206\u6790\u4eea-768x384.jpg",768,384,true],"large":["https:\/\/allgensin.com\/wp-content\/uploads\/2025\/07\/\u9002\u7528\u4e8e\u8d1d\u514b\u66fcACCESS\u7cfb\u5217\u5316\u5b66\u53d1\u5149\u514d\u75ab\u5206\u6790\u4eea.jpg",1000,500,false],"1536x1536":["https:\/\/allgensin.com\/wp-content\/uploads\/2025\/07\/\u9002\u7528\u4e8e\u8d1d\u514b\u66fcACCESS\u7cfb\u5217\u5316\u5b66\u53d1\u5149\u514d\u75ab\u5206\u6790\u4eea.jpg",1000,500,false],"2048x2048":["https:\/\/allgensin.com\/wp-content\/uploads\/2025\/07\/\u9002\u7528\u4e8e\u8d1d\u514b\u66fcACCESS\u7cfb\u5217\u5316\u5b66\u53d1\u5149\u514d\u75ab\u5206\u6790\u4eea.jpg",1000,500,false],"trp-custom-language-flag":["https:\/\/allgensin.com\/wp-content\/uploads\/2025\/07\/\u9002\u7528\u4e8e\u8d1d\u514b\u66fcACCESS\u7cfb\u5217\u5316\u5b66\u53d1\u5149\u514d\u75ab\u5206\u6790\u4eea.jpg",18,9,false],"woocommerce_thumbnail":["https:\/\/allgensin.com\/wp-content\/uploads\/2025\/07\/\u9002\u7528\u4e8e\u8d1d\u514b\u66fcACCESS\u7cfb\u5217\u5316\u5b66\u53d1\u5149\u514d\u75ab\u5206\u6790\u4eea-300x300.jpg",300,300,true],"woocommerce_single":["https:\/\/allgensin.com\/wp-content\/uploads\/2025\/07\/\u9002\u7528\u4e8e\u8d1d\u514b\u66fcACCESS\u7cfb\u5217\u5316\u5b66\u53d1\u5149\u514d\u75ab\u5206\u6790\u4eea-600x300.jpg",600,300,true],"woocommerce_gallery_thumbnail":["https:\/\/allgensin.com\/wp-content\/uploads\/2025\/07\/\u9002\u7528\u4e8e\u8d1d\u514b\u66fcACCESS\u7cfb\u5217\u5316\u5b66\u53d1\u5149\u514d\u75ab\u5206\u6790\u4eea-100x100.jpg",100,100,true]},"uagb_author_info":{"display_name":"gavintu9353@gmail.com","author_link":"https:\/\/allgensin.com\/pt\/author\/"},"uagb_comment_info":0,"uagb_excerpt":"We provide the solutions applicable to Beckman ACCESS\/ACCESS2 Unicel DXI600\/800 DXC 600i\/DXC660i DXC 860i\/DXC880i\uff1a Wash Buffer II &nbsp;","_links":{"self":[{"href":"https:\/\/allgensin.com\/pt\/wp-json\/wp\/v2\/product\/6052","targetHints":{"allow":["GET"]}}],"collection":[{"href":"https:\/\/allgensin.com\/pt\/wp-json\/wp\/v2\/product"}],"about":[{"href":"https:\/\/allgensin.com\/pt\/wp-json\/wp\/v2\/types\/product"}],"wp:featuredmedia":[{"embeddable":true,"href":"https:\/\/allgensin.com\/pt\/wp-json\/wp\/v2\/media\/6053"}],"wp:attachment":[{"href":"https:\/\/allgensin.com\/pt\/wp-json\/wp\/v2\/media?parent=6052"}],"wp:term":[{"taxonomy":"product_brand","embeddable":true,"href":"https:\/\/allgensin.com\/pt\/wp-json\/wp\/v2\/product_brand?post=6052"},{"taxonomy":"product_cat","embeddable":true,"href":"https:\/\/allgensin.com\/pt\/wp-json\/wp\/v2\/product_cat?post=6052"},{"taxonomy":"product_tag","embeddable":true,"href":"https:\/\/allgensin.com\/pt\/wp-json\/wp\/v2\/product_tag?post=6052"}],"curies":[{"name":"wp","href":"https:\/\/api.w.org\/{rel}","templated":true}]}}