{"id":5684,"date":"2025-06-30T18:01:24","date_gmt":"2025-06-30T10:01:24","guid":{"rendered":"https:\/\/allgensin.com\/?post_type=product&#038;p=5684"},"modified":"2025-06-30T18:01:24","modified_gmt":"2025-06-30T10:01:24","slug":"rigid-endoscopy-repair","status":"publish","type":"product","link":"https:\/\/allgensin.com\/pt\/product\/rigid-endoscopy-repair\/","title":{"rendered":"Repara\u00e7\u00e3o de endoscopia r\u00edgida"},"content":{"rendered":"<p><img fetchpriority=\"high\" decoding=\"async\" class=\"alignnone size-medium wp-image-5686\" src=\"http:\/\/allgensin.com\/wp-content\/uploads\/2025\/06\/\u5c4f\u5e55\u622a\u56fe-2025-06-30-175452-300x275.png\" alt=\"\" width=\"300\" height=\"275\" srcset=\"https:\/\/allgensin.com\/wp-content\/uploads\/2025\/06\/\u5c4f\u5e55\u622a\u56fe-2025-06-30-175452-300x275.png 300w, https:\/\/allgensin.com\/wp-content\/uploads\/2025\/06\/\u5c4f\u5e55\u622a\u56fe-2025-06-30-175452-768x705.png 768w, https:\/\/allgensin.com\/wp-content\/uploads\/2025\/06\/\u5c4f\u5e55\u622a\u56fe-2025-06-30-175452-600x551.png 600w, https:\/\/allgensin.com\/wp-content\/uploads\/2025\/06\/\u5c4f\u5e55\u622a\u56fe-2025-06-30-175452.png 856w\" sizes=\"(max-width: 300px) 100vw, 300px\" \/><\/p>\n<p>Quality Assurance<br \/>\nOur company uses all spare parts imported from Germany, the United States and Japan in the repair process to ensure that the quality of product repair reaches the advanced level abroad.<\/p>\n<p>Warranty Period<br \/>\nThe company promises to give a six &#8211; month free warranty for all serioes of rigid endoscopy and replacement parts.<\/p>\n<p>Repair time<br \/>\nThe company guarantees that ordinary rigid endoscopy that are generally damaged can be repaired within seven working days. Ordinary rigid endoscopy that are seriously damaged can be repaired within ten working days.<\/p>\n<p>Special Rigid Endoscopy<\/p>\n<ul>\n<li>PCNL<\/li>\n<li>Ureteroscopy<\/li>\n<li>Intervertebral Foraminoscopy<\/li>\n<li>Percutaneous Nephroscopy<\/li>\n<li>Compact Hysteroscopy<\/li>\n<li>Transurethral Cystoscopy<\/li>\n<\/ul>","protected":false},"excerpt":{"rendered":"<p><strong>Ordinary Rigid Endoscopy:<\/strong><br \/>\nReplace objective lens, replace broken lens,<\/p>\n<p>internal and external cleaning, optical adjustments.<br \/>\nSpecial Rigid Endoscopy:<br \/>\nReplace tubing, replace light fibers, replace fiber-optic image,<\/p>\n<p>replace objective lens, cleaning and optical adjustments, replace<\/p>\n<p>eyepiece, proofreading images again.<\/p>\n<p><strong>Ordinary Rigid Endoscopy:<\/strong><br \/>\nReplace broken lens, internal and external cleaning, optical adjustments.<\/p>\n<p>Special Rigid Endoscopy:<br \/>\nReplace fiber &#8211; optic image, replace objective lens, cleaning and optical adjustments, replace eyepiece, proofreading images again.<\/p>\n<p>Ordinary Rigid Endoscopy:<br \/>\nreplace broken lens.<\/p>\n<p><strong>Special Rigid Endoscopy:<\/strong><br \/>\nOptical adjustments,<br \/>\nreplace eyepiece.<\/p>","protected":false},"featured_media":5688,"template":"","meta":{"_surecart_dashboard_logo_width":"180px","_surecart_dashboard_show_logo":true,"_surecart_dashboard_navigation_orders":true,"_surecart_dashboard_navigation_invoices":true,"_surecart_dashboard_navigation_subscriptions":true,"_surecart_dashboard_navigation_downloads":true,"_surecart_dashboard_navigation_billing":true,"_surecart_dashboard_navigation_account":true,"_uag_custom_page_level_css":"","site-sidebar-layout":"default","site-content-layout":"","ast-site-content-layout":"default","site-content-style":"default","site-sidebar-style":"default","ast-global-header-display":"","ast-banner-title-visibility":"","ast-main-header-display":"","ast-hfb-above-header-display":"","ast-hfb-below-header-display":"","ast-hfb-mobile-header-display":"","site-post-title":"","ast-breadcrumbs-content":"","ast-featured-img":"","footer-sml-layout":"","ast-disable-related-posts":"","theme-transparent-header-meta":"default","adv-header-id-meta":"","stick-header-meta":"default","header-above-stick-meta":"","header-main-stick-meta":"","header-below-stick-meta":"","astra-migrate-meta-layouts":"set","ast-page-background-enabled":"default","ast-page-background-meta":{"desktop":{"background-color":"","background-image":"","background-repeat":"repeat","background-position":"center center","background-size":"auto","background-attachment":"scroll","background-type":"","background-media":"","overlay-type":"","overlay-color":"","overlay-opacity":"","overlay-gradient":""},"tablet":{"background-color":"","background-image":"","background-repeat":"repeat","background-position":"center center","background-size":"auto","background-attachment":"scroll","background-type":"","background-media":"","overlay-type":"","overlay-color":"","overlay-opacity":"","overlay-gradient":""},"mobile":{"background-color":"","background-image":"","background-repeat":"repeat","background-position":"center center","background-size":"auto","background-attachment":"scroll","background-type":"","background-media":"","overlay-type":"","overlay-color":"","overlay-opacity":"","overlay-gradient":""}},"ast-content-background-meta":{"desktop":{"background-color":"var(--ast-global-color-5)","background-image":"","background-repeat":"repeat","background-position":"center center","background-size":"auto","background-attachment":"scroll","background-type":"","background-media":"","overlay-type":"","overlay-color":"","overlay-opacity":"","overlay-gradient":""},"tablet":{"background-color":"var(--ast-global-color-5)","background-image":"","background-repeat":"repeat","background-position":"center center","background-size":"auto","background-attachment":"scroll","background-type":"","background-media":"","overlay-type":"","overlay-color":"","overlay-opacity":"","overlay-gradient":""},"mobile":{"background-color":"var(--ast-global-color-5)","background-image":"","background-repeat":"repeat","background-position":"center center","background-size":"auto","background-attachment":"scroll","background-type":"","background-media":"","overlay-type":"","overlay-color":"","overlay-opacity":"","overlay-gradient":""}}},"product_brand":[],"product_cat":[117],"product_tag":[],"class_list":{"0":"post-5684","1":"product","2":"type-product","3":"status-publish","4":"has-post-thumbnail","6":"product_cat-endoscope-repairing","7":"desktop-align-left","8":"tablet-align-left","9":"mobile-align-left","11":"first","12":"instock","13":"shipping-taxable","14":"product-type-simple"},"uagb_featured_image_src":{"full":["https:\/\/allgensin.com\/wp-content\/uploads\/2025\/06\/\u5c4f\u5e55\u622a\u56fe-2025-06-30-175610.png",1582,480,false],"thumbnail":["https:\/\/allgensin.com\/wp-content\/uploads\/2025\/06\/\u5c4f\u5e55\u622a\u56fe-2025-06-30-175610-150x150.png",150,150,true],"medium":["https:\/\/allgensin.com\/wp-content\/uploads\/2025\/06\/\u5c4f\u5e55\u622a\u56fe-2025-06-30-175610-300x91.png",300,91,true],"medium_large":["https:\/\/allgensin.com\/wp-content\/uploads\/2025\/06\/\u5c4f\u5e55\u622a\u56fe-2025-06-30-175610-768x233.png",768,233,true],"large":["https:\/\/allgensin.com\/wp-content\/uploads\/2025\/06\/\u5c4f\u5e55\u622a\u56fe-2025-06-30-175610-1024x311.png",1024,311,true],"1536x1536":["https:\/\/allgensin.com\/wp-content\/uploads\/2025\/06\/\u5c4f\u5e55\u622a\u56fe-2025-06-30-175610-1536x466.png",1536,466,true],"2048x2048":["https:\/\/allgensin.com\/wp-content\/uploads\/2025\/06\/\u5c4f\u5e55\u622a\u56fe-2025-06-30-175610.png",1582,480,false],"trp-custom-language-flag":["https:\/\/allgensin.com\/wp-content\/uploads\/2025\/06\/\u5c4f\u5e55\u622a\u56fe-2025-06-30-175610.png",18,5,false],"woocommerce_thumbnail":["https:\/\/allgensin.com\/wp-content\/uploads\/2025\/06\/\u5c4f\u5e55\u622a\u56fe-2025-06-30-175610-300x300.png",300,300,true],"woocommerce_single":["https:\/\/allgensin.com\/wp-content\/uploads\/2025\/06\/\u5c4f\u5e55\u622a\u56fe-2025-06-30-175610-600x182.png",600,182,true],"woocommerce_gallery_thumbnail":["https:\/\/allgensin.com\/wp-content\/uploads\/2025\/06\/\u5c4f\u5e55\u622a\u56fe-2025-06-30-175610-100x100.png",100,100,true]},"uagb_author_info":{"display_name":"evo","author_link":"https:\/\/allgensin.com\/pt\/author\/"},"uagb_comment_info":0,"uagb_excerpt":"Ordinary Rigid Endoscopy: Replace objective lens, replace broken lens, internal and external cleaning, optical adjustments. Special Rigid Endoscopy: Replace tubing, replace light fibers, replace fiber-optic image, replace objective lens, cleaning and optical adjustments, replace eyepiece, proofreading images again. Ordinary Rigid Endoscopy: Replace broken lens, internal and external cleaning, optical adjustments. Special Rigid Endoscopy: Replace fiber&hellip;","_links":{"self":[{"href":"https:\/\/allgensin.com\/pt\/wp-json\/wp\/v2\/product\/5684","targetHints":{"allow":["GET"]}}],"collection":[{"href":"https:\/\/allgensin.com\/pt\/wp-json\/wp\/v2\/product"}],"about":[{"href":"https:\/\/allgensin.com\/pt\/wp-json\/wp\/v2\/types\/product"}],"wp:featuredmedia":[{"embeddable":true,"href":"https:\/\/allgensin.com\/pt\/wp-json\/wp\/v2\/media\/5688"}],"wp:attachment":[{"href":"https:\/\/allgensin.com\/pt\/wp-json\/wp\/v2\/media?parent=5684"}],"wp:term":[{"taxonomy":"product_brand","embeddable":true,"href":"https:\/\/allgensin.com\/pt\/wp-json\/wp\/v2\/product_brand?post=5684"},{"taxonomy":"product_cat","embeddable":true,"href":"https:\/\/allgensin.com\/pt\/wp-json\/wp\/v2\/product_cat?post=5684"},{"taxonomy":"product_tag","embeddable":true,"href":"https:\/\/allgensin.com\/pt\/wp-json\/wp\/v2\/product_tag?post=5684"}],"curies":[{"name":"wp","href":"https:\/\/api.w.org\/{rel}","templated":true}]}}