{"id":5238,"date":"2025-06-03T13:37:39","date_gmt":"2025-06-03T13:37:39","guid":{"rendered":"https:\/\/allgensin.com\/products-2\/"},"modified":"2025-07-01T22:57:55","modified_gmt":"2025-07-01T14:57:55","slug":"analise-do-utilizador","status":"publish","type":"page","link":"https:\/\/allgensin.com\/pt\/analise-do-utilizador\/","title":{"rendered":"Opini\u00e3o do utilizador"},"content":{"rendered":"<div class=\"wp-block-uagb-container uagb-block-61b7f5e0 alignfull uagb-is-root-container\"><div class=\"uagb-container-inner-blocks-wrap\">\n<div class=\"wp-block-uagb-advanced-heading uagb-block-8114b16d\"><h1 class=\"uagb-heading-text\">Coment\u00e1rios de utilizadores<\/h1><\/div>\n<\/div><\/div>\n\n\n\n<div class=\"wp-block-uagb-container uagb-layout-grid uagb-block-489a6aba alignfull uagb-is-root-container\"><div class=\"uagb-container-inner-blocks-wrap\">\n<div class=\"wp-block-uagb-info-box uagb-block-6c5ef147 uagb-infobox__content-wrap  uagb-infobox-icon-above-title uagb-infobox-image-valign-top\"><div class=\"uagb-ifb-content\"><div class=\"uagb-ifb-title-wrap\"><h5 class=\"uagb-ifb-title-prefix\">Mais de 100.000 clientes d\u00e3o Coment\u00e1rios Super-Bons sobre os Produtos Compat\u00edveis com Allgensin<\/h5><h2 class=\"uagb-ifb-title\">A mesma qualidade das marcas famosas originais<\/h2><\/div><p class=\"uagb-ifb-desc\"><strong>Coment\u00e1rios de alguns clientes:<\/strong><br><strong>It\u00e1lia<\/strong> Laborat\u00f3rio Artem****: Excelentes reagentes de hematologia no XN-1000, que \u00e9 totalmente igual ao fabricante original da Sysmex.<br><strong>Gr\u00e9cia<\/strong> Laborat\u00f3rio do Instituto Pas****: Como a minha antiga hematologia Mindray est\u00e1 fora do alcance do servi\u00e7o do revendedor, a Allgensin deu-me apoio de servi\u00e7o e reagentes compat\u00edveis que tornam o antigo BC-5150 reativo novamente.<br><strong>Pol\u00f3nia<\/strong> Pu*** Pob*** Lab : As cuvetes de coagula\u00e7\u00e3o compat\u00edveis Stago e as pontas e cuvetes compat\u00edveis Roche facilitam o controlo dos custos no nosso centro privado.<br><strong>Panam\u00e1<\/strong> Gra***** Distribuidor: Como sub-distribuidor de ultra-sons da GE, antes de eu ter muita dor de cabe\u00e7a com a repara\u00e7\u00e3o e mudan\u00e7a de sondas, como vers\u00e3o original, a Allgensin oferece-me uma oferta muito barata para a repara\u00e7\u00e3o de sondas e um pre\u00e7o muito mais baixo para sondas novas, enquanto a imagem \u00e9 a mesma, desde LOGIQ, VOLUSON, VIVID, o cliente gosta muito.<br><strong>Chile<\/strong> Newme***** Distribuidor: Apreci\u00e1mos a coopera\u00e7\u00e3o com a Allgensin no servi\u00e7o de repara\u00e7\u00e3o de endosc\u00f3pios, as pe\u00e7as sobresselentes s\u00e3o muito baratas mas atingem a mesma imagem que a Olympus oferece.<br><strong>Qu\u00e9nia<\/strong> Faculdade de Medicina de Math***: Como um laborat\u00f3rio universit\u00e1rio, Allgensin d\u00e1-nos um produto muito bom, incluindo centr\u00edfuga, pipeta, espetr\u00f3metro, cromat\u00f3grafo e uma boa coluna cromatogr\u00e1fica para Agilent, que \u00e9 muito mais barata do que o fabricante original.<br><strong>Nig\u00e9ria<\/strong> FF*** Trading Serivce Limited: Como a maioria dos laborat\u00f3rios gosta de marcas da UE\/Jap\u00e3o, mas tem um or\u00e7amento limitado, a Allgensin d\u00e1 uma solu\u00e7\u00e3o muito boa, uma vez que fornece m\u00e1quinas de armaz\u00e9m chinesas, mesmo que estejam armazenadas cerca de 2-5 anos, mas a Allgensin voltou a verificar tudo antes da entrega, o cliente gosta muito, j\u00e1 compr\u00e1mos muitos Sysmex XN-350, XN-550, XS-500i.<\/p><\/div><\/div>\n\n\n\n<div class=\"wp-block-uagb-image uagb-block-964a3df0 wp-block-uagb-image--layout-default wp-block-uagb-image--effect-static wp-block-uagb-image--align-none\"><figure class=\"wp-block-uagb-image__figure\"><img loading=\"lazy\" decoding=\"async\" srcset=\"https:\/\/allgensin.com\/wp-content\/uploads\/2025\/07\/BCD.jpg ,https:\/\/allgensin.com\/wp-content\/uploads\/2025\/07\/BCD.jpg 780w, https:\/\/allgensin.com\/wp-content\/uploads\/2025\/07\/BCD.jpg 360w\" sizes=\"auto, (max-width: 480px) 150px\" src=\"https:\/\/allgensin.com\/wp-content\/uploads\/2025\/07\/BCD.jpg\" alt=\"\" class=\"uag-image-5784\" width=\"284\" height=\"500\" title=\"BCD\" role=\"img\"\/><\/figure><\/div>\n\n\n\n<div class=\"wp-block-uagb-image uagb-block-a8629531 wp-block-uagb-image--layout-default wp-block-uagb-image--effect-static wp-block-uagb-image--align-none\"><figure class=\"wp-block-uagb-image__figure\"><img loading=\"lazy\" decoding=\"async\" srcset=\"https:\/\/allgensin.com\/wp-content\/uploads\/2025\/07\/\u5f71\u50cf\u76f8\u5173.jpg ,https:\/\/allgensin.com\/wp-content\/uploads\/2025\/07\/\u5f71\u50cf\u76f8\u5173.jpg 780w, https:\/\/allgensin.com\/wp-content\/uploads\/2025\/07\/\u5f71\u50cf\u76f8\u5173.jpg 360w\" sizes=\"auto, (max-width: 480px) 150px\" src=\"https:\/\/allgensin.com\/wp-content\/uploads\/2025\/07\/\u5f71\u50cf\u76f8\u5173.jpg\" alt=\"\" class=\"uag-image-5786\" width=\"284\" height=\"500\" title=\"\u5f71\u50cf\u76f8\u5173\" role=\"img\"\/><\/figure><\/div>\n<\/div><\/div>\n\n\n\n<div class=\"wp-block-uagb-container uagb-block-485602c2 alignfull uagb-is-root-container\"><div class=\"uagb-container-inner-blocks-wrap\">\n<div class=\"wp-block-uagb-info-box uagb-block-27605b80 uagb-infobox__content-wrap  uagb-infobox-icon-above-title uagb-infobox-image-valign-top\"><div class=\"uagb-ifb-content\"><div class=\"uagb-ifb-title-wrap\"><h5 class=\"uagb-ifb-title-prefix\">Os nossos principais produtos<\/h5><h2 class=\"uagb-ifb-title\">Qualidade para al\u00e9m da sua imagina\u00e7\u00e3o<br>O pre\u00e7o diminui muito<br>A sua margem aumenta mais<\/h2><\/div><\/div><\/div>\n<\/div><\/div>\n\n\n\n<div class=\"wp-block-uagb-container uagb-layout-grid uagb-block-a754b6db alignfull uagb-is-root-container\"><div class=\"uagb-container-inner-blocks-wrap\">\n<div class=\"wp-block-uagb-info-box uagb-block-7e6477fa uagb-infobox__content-wrap  uagb-infobox-icon-above-title uagb-infobox-image-valign-top\"><div class=\"uagb-ifb-content\"><div class=\"uagb-ifb-title-wrap\"><div class=\"uagb-ifb-separator\"><\/div><h4 class=\"uagb-ifb-title\">Reagentes e consum\u00edveis compat\u00edveis com IVD<\/h4><\/div><p class=\"uagb-ifb-desc\"><strong>1-&nbsp;<a>Reagentes de Hematologia<\/a><\/strong><a>: Sysmex, Mindray, Beckman, Abbott, Siemens, Dymind, Horiba ABX, Nihoh Koahden, Rayto, Dirui, Urit.<\/a><br><strong>2- Tiras de urina e reagentes<\/strong>: Sysmex, Arkray, Dirui, Urit, AVE, GEB.<br><strong>3- Reagentes e consum\u00edveis qu\u00edmicos<\/strong>: Roche, Hitachi, Abbott, Siemens, Beckman, Mindray, Toshiba, Dirui, Urit.<br><strong>4- Reagentes de coagula\u00e7\u00e3o e consum\u00edveis<\/strong>: Sekisui, Biochem, Sunbio, Rayto, Mindray.<br><strong>5 -CLIA Reagente original (exportado da UE)<\/strong>: Roche, Abbott, VIDAS.<\/p><\/div><\/div>\n\n\n\n<div class=\"wp-block-uagb-info-box uagb-block-8f76c366 uagb-infobox__content-wrap  uagb-infobox-icon-above-title uagb-infobox-image-valign-top\"><div class=\"uagb-ifb-content\"><div class=\"uagb-ifb-title-wrap\"><div class=\"uagb-ifb-separator\"><\/div><h4 class=\"uagb-ifb-title\">Compat\u00edveis com ultrassom e endosc\u00f3pio<\/h4><\/div><p class=\"uagb-ifb-desc\"><strong>1- Repara\u00e7\u00e3o de ultra-sons e sondas de ultra-sons compat\u00edveis<\/strong>, abrangendo todas as marcas como GE, Philips, Siemens, Hitachi, Esaote, Medison, Mindray, etc.<br><strong>2- Pe\u00e7as sobressalentes para endosc\u00f3pios<\/strong>: Cabo da c\u00e2mara de cobertura, cabo das pe\u00e7as de m\u00e3o da m\u00e1quina de barbear, acoplador de cabos, cabo de fibra \u00f3tica, etc.<br><strong>3- Servi\u00e7os de repara\u00e7\u00e3o de endosc\u00f3pios e equipamento central<\/strong><br>Marcas: STORZ, WOLF, smith &amp; nephew, Medtronic, OLYMPUS, stryker, SPINENDOS, maxMorespine, joimax, mindray, GYRUS ACMI, etc.<\/p><\/div><\/div>\n\n\n\n<div class=\"wp-block-uagb-info-box uagb-block-165c4ed6 uagb-infobox__content-wrap  uagb-infobox-icon-above-title uagb-infobox-image-valign-top wp-block-uagb-info-box--has-margin\"><div class=\"uagb-infobox-margin-wrapper\"><div class=\"uagb-ifb-content\"><div class=\"uagb-ifb-title-wrap\"><div class=\"uagb-ifb-separator\"><\/div><h4 class=\"uagb-ifb-title\">Equipamento anal\u00edtico e consum\u00edveis compat\u00edveis<\/h4><\/div><p class=\"uagb-ifb-desc\"><strong>1- Fornecer equipamento anal\u00edtico de precis\u00e3o novo em folha<\/strong>Os nossos produtos incluem, entre outros, cromat\u00f3grafo, espetr\u00f3metro de massa, espetr\u00f3metro, detetor de pH, turbid\u00edmetro, abrangendo todos os tipos de aplica\u00e7\u00f5es, tais como dete\u00e7\u00e3o de \u00e1gua, dete\u00e7\u00e3o ambiental, dete\u00e7\u00e3o de drogas, dete\u00e7\u00e3o farmac\u00eautica.&nbsp;<br><strong>2- Consum\u00edveis compat\u00edveis com todos os tipos de sistemas (cromat\u00f3grafo, espetr\u00f3metro de massa, espetr\u00f3metro)<\/strong> para as marcas Agilent \/ Thermo \/ Beckman \/ Waters \/ Shimadzu \/ Metrohm, tais como <em>HPLC<\/em> Coluna para Agilent 1260\/1290, Waters Alliance\/e2695, <em>CG<\/em> Coluna para Agilent 7890A, Thermo TRACE 1300, <em>IC<\/em> Coluna para Thermo Dionex ICS-5000, Metrohm 850, filtro de seringa, frasco, septo, revestimento.<br><br><\/p><\/div><\/div><\/div>\n\n\n\n<div class=\"wp-block-uagb-info-box uagb-block-95ee04dd uagb-infobox__content-wrap  uagb-infobox-icon-above-title uagb-infobox-image-valign-top\"><div class=\"uagb-ifb-content\"><div class=\"uagb-ifb-title-wrap\"><div class=\"uagb-ifb-separator\"><\/div><h4 class=\"uagb-ifb-title\">Armaz\u00e9m de equipamentos novos e recondicionados de marcas famosas <\/h4><\/div><p class=\"uagb-ifb-desc\"><strong>1- Armaz\u00e9m Equipamento novo envelhecido<\/strong><br>Hematologia - Sysmex, Mindray, Dymind.<br>Coagula\u00e7\u00e3o - Stago, Werfen, Sysmex.<br>Qu\u00edmica - Roche, Abbott, Mindray.<br>CLIA - Roche, Abbott, VIDAS.<br>Ultrassom - GE, Philips, Siemens, Esaote, Mindray, Medison, Hitachi.<br>Endosc\u00f3pio - Olympus, Storz, Fujinon, WOLF.<br>Outros.<br><strong>2- Equipamento recondicionado<\/strong><br>IVD - Hematologia, Coagula\u00e7\u00e3o, Qu\u00edmica, CLIA.<br>Imagiologia m\u00e9dica - Ultrassom, Endosc\u00f3pio.<br>PMLS: Ventilador, anestesia, monitor do paciente, ECG.<br>Outros.<\/p><\/div><\/div>\n<\/div><\/div>\n\n\n\n<div class=\"wp-block-uagb-container uagb-layout-flex uagb-block-af5df69f alignfull uagb-is-root-container\"><div class=\"uagb-container-inner-blocks-wrap\">\n<div class=\"wp-block-uagb-call-to-action uagb-block-d83192c0 wp-block-button\"><div class=\"uagb-cta__wrap\"><h3 class=\"uagb-cta__title\">Se precisar de mais informa\u00e7\u00f5es, contacte-nos!<\/h3><p class=\"uagb-cta__desc\">Clique aqui para alterar este texto. Lorem ipsum dolor sit amet, consectetur adipiscing elit. Ut elit tellus, luctus nec ullamcorper mattis, pulvinar dapibus leo.<\/p><\/div><div class=\"uagb-cta__buttons\"><a href=\"#\" class=\"uagb-cta__button-link-wrapper wp-block-button__link\" target=\"_self\" rel=\"noopener noreferrer\">Saiba mais<\/a><\/div><\/div>\n<\/div><\/div>\n\n\n\n<p><\/p>","protected":false},"excerpt":{"rendered":"<p>Coment\u00e1rios de utilizadores<\/p>","protected":false},"author":1,"featured_media":0,"parent":0,"menu_order":0,"comment_status":"closed","ping_status":"closed","template":"","meta":{"_surecart_dashboard_logo_width":"180px","_surecart_dashboard_show_logo":true,"_surecart_dashboard_navigation_orders":true,"_surecart_dashboard_navigation_invoices":true,"_surecart_dashboard_navigation_subscriptions":true,"_surecart_dashboard_navigation_downloads":true,"_surecart_dashboard_navigation_billing":true,"_surecart_dashboard_navigation_account":true,"_uag_custom_page_level_css":"","site-sidebar-layout":"no-sidebar","site-content-layout":"plain-container","ast-site-content-layout":"normal-width-container","site-content-style":"unboxed","site-sidebar-style":"unboxed","ast-global-header-display":"","ast-banner-title-visibility":"","ast-main-header-display":"","ast-hfb-above-header-display":"","ast-hfb-below-header-display":"","ast-hfb-mobile-header-display":"","site-post-title":"disabled","ast-breadcrumbs-content":"","ast-featured-img":"disabled","footer-sml-layout":"","ast-disable-related-posts":"","theme-transparent-header-meta":"enabled","adv-header-id-meta":"","stick-header-meta":"","header-above-stick-meta":"","header-main-stick-meta":"","header-below-stick-meta":"","astra-migrate-meta-layouts":"set","ast-page-background-enabled":"default","ast-page-background-meta":{"desktop":{"background-color":"","background-image":"","background-repeat":"repeat","background-position":"center center","background-size":"auto","background-attachment":"scroll","background-type":"","background-media":"","overlay-type":"","overlay-color":"","overlay-opacity":"","overlay-gradient":""},"tablet":{"background-color":"","background-image":"","background-repeat":"repeat","background-position":"center center","background-size":"auto","background-attachment":"scroll","background-type":"","background-media":"","overlay-type":"","overlay-color":"","overlay-opacity":"","overlay-gradient":""},"mobile":{"background-color":"","background-image":"","background-repeat":"repeat","background-position":"center center","background-size":"auto","background-attachment":"scroll","background-type":"","background-media":"","overlay-type":"","overlay-color":"","overlay-opacity":"","overlay-gradient":""}},"ast-content-background-meta":{"desktop":{"background-color":"var(--ast-global-color-5)","background-image":"","background-repeat":"repeat","background-position":"center center","background-size":"auto","background-attachment":"scroll","background-type":"","background-media":"","overlay-type":"","overlay-color":"","overlay-opacity":"","overlay-gradient":""},"tablet":{"background-color":"var(--ast-global-color-5)","background-image":"","background-repeat":"repeat","background-position":"center center","background-size":"auto","background-attachment":"scroll","background-type":"","background-media":"","overlay-type":"","overlay-color":"","overlay-opacity":"","overlay-gradient":""},"mobile":{"background-color":"var(--ast-global-color-5)","background-image":"","background-repeat":"repeat","background-position":"center center","background-size":"auto","background-attachment":"scroll","background-type":"","background-media":"","overlay-type":"","overlay-color":"","overlay-opacity":"","overlay-gradient":""}},"footnotes":""},"class_list":["post-5238","page","type-page","status-publish","hentry"],"uagb_featured_image_src":{"full":false,"thumbnail":false,"medium":false,"medium_large":false,"large":false,"1536x1536":false,"2048x2048":false,"trp-custom-language-flag":false,"woocommerce_thumbnail":false,"woocommerce_single":false,"woocommerce_gallery_thumbnail":false},"uagb_author_info":{"display_name":"gavintu9353@gmail.com","author_link":"https:\/\/allgensin.com\/pt\/author\/gavintu9353gmail-com\/"},"uagb_comment_info":0,"uagb_excerpt":"User Reviews","_links":{"self":[{"href":"https:\/\/allgensin.com\/pt\/wp-json\/wp\/v2\/pages\/5238","targetHints":{"allow":["GET"]}}],"collection":[{"href":"https:\/\/allgensin.com\/pt\/wp-json\/wp\/v2\/pages"}],"about":[{"href":"https:\/\/allgensin.com\/pt\/wp-json\/wp\/v2\/types\/page"}],"author":[{"embeddable":true,"href":"https:\/\/allgensin.com\/pt\/wp-json\/wp\/v2\/users\/1"}],"replies":[{"embeddable":true,"href":"https:\/\/allgensin.com\/pt\/wp-json\/wp\/v2\/comments?post=5238"}],"version-history":[{"count":18,"href":"https:\/\/allgensin.com\/pt\/wp-json\/wp\/v2\/pages\/5238\/revisions"}],"predecessor-version":[{"id":5787,"href":"https:\/\/allgensin.com\/pt\/wp-json\/wp\/v2\/pages\/5238\/revisions\/5787"}],"wp:attachment":[{"href":"https:\/\/allgensin.com\/pt\/wp-json\/wp\/v2\/media?parent=5238"}],"curies":[{"name":"wp","href":"https:\/\/api.w.org\/{rel}","templated":true}]}}