{"id":5236,"date":"2025-06-03T13:37:39","date_gmt":"2025-06-03T13:37:39","guid":{"rendered":"https:\/\/allgensin.com\/home-3\/"},"modified":"2026-03-30T10:57:16","modified_gmt":"2026-03-30T02:57:16","slug":"home-3","status":"publish","type":"page","link":"https:\/\/allgensin.com\/pt\/","title":{"rendered":"In\u00edcio"},"content":{"rendered":"<div class=\"wp-block-uagb-container uagb-block-b4bdb975 alignfull uagb-is-root-container\"><div class=\"uagb-container-inner-blocks-wrap\">\n<div class=\"wp-block-uagb-info-box uagb-block-3b7e0e21 uagb-infobox__content-wrap  uagb-infobox-icon-above-title uagb-infobox-image-valign-top\"><div class=\"uagb-ifb-content\"><div class=\"uagb-ifb-title-wrap\"><h5 class=\"uagb-ifb-title-prefix\">Fabricante l\u00edder de consum\u00edveis e reagentes m\u00e9dicos de substitui\u00e7\u00e3o e compat\u00edveis<\/h5><h1 class=\"uagb-ifb-title\">Tornar as an\u00e1lises m\u00e9dicas e laboratoriais mais acess\u00edveis<\/h1><\/div><div class=\"uagb-ifb-button-wrapper wp-block-button\"><a href=\"#\" class=\"uagb-infobox-cta-link wp-block-button__link\" target=\"_self\" rel=\"noopener noreferrer\" onclick=\"return false;\"><span class=\"uagb-inline-editing\">Saiba mais<\/span><\/a><\/div><\/div><\/div>\n\n\n      \n\t\t\t<div class=\"uagb-icon-wrapper uagb-block-62f0ec94\"\n\t\t\tstyle=\"\" >\n\t\t\t\t\t\t\t\t\t<span class=\"uagb-svg-wrapper\" \n\t\t\t\t\t aria-label=\"de baixo para cima\"\t\t\t\t\ttabindex=\"0\">\t\t\n\t\t\t\t\t\t\t\t\t\t<svg xmlns=\"https:\/\/www.w3.org\/2000\/svg\" viewbox= \"0 0 320 512\" role=\"graphics-symbol\" aria-hidden=\"false\" aria-label=\"\"><path d=\"M281.6 392.3l-104 112.1c-9.498 10.24-25.69 10.24-35.19 0l-104-112.1c-6.484-6.992-8.219-17.18-4.404-25.94c3.811-8.758 12.45-14.42 21.1-14.42H128V32c0-17.69 14.33-32 32-32S192 14.31 192 32v319.9h72c9.547 0 18.19 5.66 22 14.42C289.8 375.1 288.1 385.3 281.6 392.3z\"><\/path><\/svg>\n\t\t\t\t\t\t\t\t\t<\/span>\n\t\t\t\t\t\t\t<\/div>\n\t\t\t<\/div><\/div>\n\n\n\n<div class=\"wp-block-uagb-container uagb-block-a9605dcc alignfull uagb-is-root-container\"><div class=\"uagb-container-inner-blocks-wrap\">\n<div class=\"wp-block-uagb-info-box uagb-block-04f073f9 uagb-infobox__content-wrap  uagb-infobox-icon-above-title uagb-infobox-image-valign-top\"><div class=\"uagb-ifb-content\"><div class=\"uagb-ifb-title-wrap\"><h5 class=\"uagb-ifb-title-prefix\">Sobre n\u00f3s<\/h5><h2 class=\"uagb-ifb-title\">19 anos de excel\u00eancia de fabrico com qualidade no seu melhor!<\/h2><\/div><p class=\"uagb-ifb-desc\"><a>Allgensin history can be traced back to 2006, subsidiary company of HUAYU pharmed group, &nbsp;leaded by professional team from Peking University with the dedication to medical and science field.<\/a><br><br><a> O grupo HUAYU pharmed tem mais de 1053 funcion\u00e1rios, com a miss\u00e3o de \"Tornar os cuidados de sa\u00fade e a investiga\u00e7\u00e3o cient\u00edfica mais baratos de alcan\u00e7ar\", concentramo-nos na investiga\u00e7\u00e3o e fabrico de \"Substitui\u00e7\u00e3o de consum\u00edveis \/ pe\u00e7as sobressalentes \/ reagentes para IVD, imagiologia m\u00e9dica, campos de investiga\u00e7\u00e3o cient\u00edfica\", tamb\u00e9m fornecemos a importa\u00e7\u00e3o paralela de dispositivos m\u00e9dicos e cient\u00edficos e consum\u00edveis a um pre\u00e7o muito mais barato, uma vez que todas as principais marcas oferecem v\u00e1rios pre\u00e7os em diferentes pa\u00edses, temos uma equipa especializada para recolher informa\u00e7\u00f5es e importar para si.<\/a><\/p><div class=\"uagb-ifb-button-wrapper wp-block-button\"><a href=\"#\" class=\"uagb-infobox-cta-link wp-block-button__link\" target=\"_self\" rel=\"noopener noreferrer\" onclick=\"return false;\"><span class=\"uagb-inline-editing\">Saiba mais<\/span><\/a><\/div><\/div><\/div>\n<\/div><\/div>\n\n\n\n<div class=\"wp-block-uagb-container uagb-layout-grid uagb-block-00d4defe alignfull uagb-is-root-container\"><div class=\"uagb-container-inner-blocks-wrap\">\n<div class=\"wp-block-uagb-container uagb-block-0ff6e26b\">\n<div class=\"wp-block-uagb-info-box uagb-block-a18047a9 uagb-infobox__content-wrap  uagb-infobox-icon-above-title uagb-infobox-image-valign-top\"><div class=\"uagb-ifb-content\"><div class=\"uagb-ifb-title-wrap\"><h5 class=\"uagb-ifb-title-prefix\">Os nossos principais produtos<\/h5><h3 class=\"uagb-ifb-title\">Fabricamos 3 tipos de produtos compat\u00edveis com a mesma qualidade que o fabricante original.<\/h3><\/div><div class=\"uagb-ifb-separator\"><\/div><\/div><\/div>\n\n\n\n<div class=\"wp-block-uagb-info-box uagb-block-65e4fed4 uagb-infobox__content-wrap  uagb-infobox-icon-above-title uagb-infobox-image-valign-top\"><div class=\"uagb-ifb-content\"><div class=\"uagb-ifb-title-wrap\"><h4 class=\"uagb-ifb-title\">Reagente de substitui\u00e7\u00e3o IVD<\/h4><\/div><p class=\"uagb-ifb-desc\">Compat\u00edvel com marcas populares de hematologia, CLIA, qu\u00edmica, coagula\u00e7\u00e3o, urina, fabricante de l\u00e2minas de hematologia, micrologia. (A produ\u00e7\u00e3o local tamb\u00e9m pode ser suportada).<\/p><div class=\"uagb-ifb-separator\"><\/div><\/div><\/div>\n\n\n\n<div class=\"wp-block-uagb-info-box uagb-block-354ed25d uagb-infobox__content-wrap  uagb-infobox-icon-above-title uagb-infobox-image-valign-top\"><div class=\"uagb-ifb-content\"><div class=\"uagb-ifb-title-wrap\"><h4 class=\"uagb-ifb-title\">Consum\u00edveis anal\u00edticos compat\u00edveis<\/h4><\/div><p class=\"uagb-ifb-desc\">Compat\u00edvel com as principais marcas de Cromat\u00f3grafo, Espectr\u00f3metro de Massa, Espectr\u00f3metro, Outros.<\/p><div class=\"uagb-ifb-separator\"><\/div><\/div><\/div>\n\n\n\n<div class=\"wp-block-uagb-info-box uagb-block-7006b63e uagb-infobox__content-wrap  uagb-infobox-icon-above-title uagb-infobox-image-valign-top\"><div class=\"uagb-ifb-content\"><div class=\"uagb-ifb-title-wrap\"><h4 class=\"uagb-ifb-title\">Pe\u00e7as sobressalentes compat\u00edveis para imagiologia m\u00e9dica<\/h4><\/div><p class=\"uagb-ifb-desc\">Por um lado, fabricamos sondas compat\u00edveis para ultra-sons nas marcas mais populares.<br>Por outro lado, fabricamos pe\u00e7as sobressalentes e prestamos servi\u00e7os de repara\u00e7\u00e3o para ultra-sons, endoscopia r\u00edgida, endoscopia flex\u00edvel, TAC, DR, RMN.<\/p><\/div><\/div>\n<\/div>\n\n\n\n<div class=\"wp-block-uagb-info-box uagb-block-038e4f59 uagb-infobox__content-wrap  uagb-infobox-icon-above-title uagb-infobox-image-valign-top\"><div class=\"uagb-ifb-content\"><div class=\"uagb-ifb-title-wrap\"><h2 class=\"uagb-ifb-title\">A Allgenin est\u00e1 tamb\u00e9m autorizada por algumas marcas famosas a fabricar produtos para elas.<\/h2><\/div><div class=\"uagb-ifb-button-wrapper wp-block-button\"><a href=\"#\" class=\"uagb-infobox-cta-link wp-block-button__link\" target=\"_self\" rel=\"noopener noreferrer\" onclick=\"return false;\"><span class=\"uagb-inline-editing\">Saiba mais<\/span><\/a><\/div><\/div><\/div>\n<\/div><\/div>\n\n\n\n<div class=\"wp-block-uagb-container uagb-block-2658a530 alignfull uagb-is-root-container\"><div class=\"uagb-container-inner-blocks-wrap\">\n<div class=\"wp-block-uagb-info-box uagb-block-4fcae268 uagb-infobox__content-wrap  uagb-infobox-icon-above-title uagb-infobox-image-valign-top\"><div class=\"uagb-ifb-content\"><div class=\"uagb-ifb-title-wrap\"><h5 class=\"uagb-ifb-title-prefix\">Outros servi\u00e7os que prestamos<\/h5><h2 class=\"uagb-ifb-title\">Solu\u00e7\u00e3o total para a constru\u00e7\u00e3o de cl\u00ednicas e laborat\u00f3rios<\/h2><\/div><\/div><\/div>\n\n\n\n<div class=\"wp-block-uagb-container uagb-block-51af8b82\">\n<div class=\"wp-block-uagb-info-box uagb-block-f5073bc7 uagb-infobox__content-wrap  uagb-infobox-icon-above-title uagb-infobox-image-valign-top\"><div class=\"uagb-ifb-content\"><div class=\"uagb-ifb-image-content\"><img decoding=\"async\" src=\"https:\/\/orange-owl-272218.hostingersite.com\/wp-content\/uploads\/2025\/06\/1652426157455283.jpeg\" alt=\"\" width=\"\" height=\"0\" loading=\"lazy\"\/><\/div><div class=\"uagb-ifb-title-wrap\"><h4 class=\"uagb-ifb-title\">Equipamento m\u00e9dico recondicionado<\/h4><\/div><p class=\"uagb-ifb-desc\">Para marcas populares em Imagiologia M\u00e9dica (Ultrassom, DR), IVD (Hematologia, Qu\u00edmica, Urina), Monitor de Paciente e Produtos de Suporte de Vida.<\/p><\/div><\/div>\n\n\n\n<div class=\"wp-block-uagb-info-box uagb-block-8366a9c1 uagb-infobox__content-wrap  uagb-infobox-icon-above-title uagb-infobox-image-valign-top\"><div class=\"uagb-ifb-content\"><div class=\"uagb-ifb-image-content\"><img decoding=\"async\" src=\"https:\/\/orange-owl-272218.hostingersite.com\/wp-content\/uploads\/2025\/06\/\u5206\u6790\u5b9e\u9a8c\u5ba4\u683c\u5f0f.jpg\" alt=\"\" width=\"\" height=\"0\" loading=\"lazy\"\/><\/div><div class=\"uagb-ifb-title-wrap\"><h4 class=\"uagb-ifb-title\">Constru\u00e7\u00e3o de laborat\u00f3rios anal\u00edticos<\/h4><\/div><p class=\"uagb-ifb-desc\"><a>Fornece produtos de laborat\u00f3rio universais e equipamento anal\u00edtico especial (cromat\u00f3grafo, MS) para laborat\u00f3rio de teste de \u00e1gua, laborat\u00f3rio de teste agr\u00edcola, laborat\u00f3rio de teste de drogas, laborat\u00f3rio de teste de f\u00e1brica Medpharm.<\/a><\/p><\/div><\/div>\n\n\n\n<div class=\"wp-block-uagb-info-box uagb-block-f9a76582 uagb-infobox__content-wrap  uagb-infobox-icon-above-title uagb-infobox-image-valign-top\"><div class=\"uagb-ifb-content\"><div class=\"uagb-ifb-image-content\"><img decoding=\"async\" src=\"https:\/\/orange-owl-272218.hostingersite.com\/wp-content\/uploads\/2025\/06\/Vet.jpg\" alt=\"\" width=\"\" height=\"0\" loading=\"lazy\"\/><\/div><div class=\"uagb-ifb-title-wrap\"><h4 class=\"uagb-ifb-title\">Produtos m\u00e9dicos da Vet Clinic<\/h4><\/div><p class=\"uagb-ifb-desc\">Fornecimento de uma gama completa de produtos que abrangem aplica\u00e7\u00f5es cl\u00ednicas veterin\u00e1rias, incluindo ultra-sons veterin\u00e1rios, raios X veterin\u00e1rios, hematologia veterin\u00e1ria, qu\u00edmica veterin\u00e1ria, POCT veterin\u00e1rio e outros. Tamb\u00e9m est\u00e3o dispon\u00edveis produtos reutilizados.<\/p><\/div><\/div>\n<\/div>\n<\/div><\/div>\n\n\n\n<div class=\"wp-block-uagb-container uagb-layout-flex uagb-block-af5df69f alignfull uagb-is-root-container\"><div class=\"uagb-container-inner-blocks-wrap\">\n<div class=\"wp-block-uagb-call-to-action uagb-block-d83192c0 wp-block-button\"><div class=\"uagb-cta__wrap\"><h3 class=\"uagb-cta__title\">Precisa de ajuda com a constru\u00e7\u00e3o de cl\u00ednicas e laborat\u00f3rios? N\u00f3s somos especialistas!<\/h3><p class=\"uagb-cta__desc\">Clique aqui para alterar este texto. Lorem ipsum dolor sit amet, consectetur adipiscing elit. Ut elit tellus, luctus nec ullamcorper mattis, pulvinar dapibus leo.<\/p><\/div><div class=\"uagb-cta__buttons\"><a href=\"#\" class=\"uagb-cta__button-link-wrapper wp-block-button__link\" target=\"_self\" rel=\"noopener noreferrer\">Saiba mais<\/a><\/div><\/div>\n<\/div><\/div>","protected":false},"excerpt":{"rendered":"","protected":false},"author":1,"featured_media":0,"parent":0,"menu_order":0,"comment_status":"closed","ping_status":"closed","template":"","meta":{"_surecart_dashboard_logo_width":"180px","_surecart_dashboard_show_logo":true,"_surecart_dashboard_navigation_orders":true,"_surecart_dashboard_navigation_invoices":true,"_surecart_dashboard_navigation_subscriptions":true,"_surecart_dashboard_navigation_downloads":true,"_surecart_dashboard_navigation_billing":true,"_surecart_dashboard_navigation_account":true,"_uag_custom_page_level_css":"","site-sidebar-layout":"no-sidebar","site-content-layout":"plain-container","ast-site-content-layout":"normal-width-container","site-content-style":"unboxed","site-sidebar-style":"unboxed","ast-global-header-display":"","ast-banner-title-visibility":"","ast-main-header-display":"","ast-hfb-above-header-display":"","ast-hfb-below-header-display":"","ast-hfb-mobile-header-display":"","site-post-title":"disabled","ast-breadcrumbs-content":"","ast-featured-img":"disabled","footer-sml-layout":"","ast-disable-related-posts":"","theme-transparent-header-meta":"enabled","adv-header-id-meta":"","stick-header-meta":"","header-above-stick-meta":"","header-main-stick-meta":"","header-below-stick-meta":"","astra-migrate-meta-layouts":"set","ast-page-background-enabled":"default","ast-page-background-meta":{"desktop":{"background-color":"","background-image":"","background-repeat":"repeat","background-position":"center center","background-size":"auto","background-attachment":"scroll","background-type":"","background-media":"","overlay-type":"","overlay-color":"","overlay-opacity":"","overlay-gradient":""},"tablet":{"background-color":"","background-image":"","background-repeat":"repeat","background-position":"center center","background-size":"auto","background-attachment":"scroll","background-type":"","background-media":"","overlay-type":"","overlay-color":"","overlay-opacity":"","overlay-gradient":""},"mobile":{"background-color":"","background-image":"","background-repeat":"repeat","background-position":"center center","background-size":"auto","background-attachment":"scroll","background-type":"","background-media":"","overlay-type":"","overlay-color":"","overlay-opacity":"","overlay-gradient":""}},"ast-content-background-meta":{"desktop":{"background-color":"var(--ast-global-color-5)","background-image":"","background-repeat":"repeat","background-position":"center center","background-size":"auto","background-attachment":"scroll","background-type":"","background-media":"","overlay-type":"","overlay-color":"","overlay-opacity":"","overlay-gradient":""},"tablet":{"background-color":"var(--ast-global-color-5)","background-image":"","background-repeat":"repeat","background-position":"center center","background-size":"auto","background-attachment":"scroll","background-type":"","background-media":"","overlay-type":"","overlay-color":"","overlay-opacity":"","overlay-gradient":""},"mobile":{"background-color":"var(--ast-global-color-5)","background-image":"","background-repeat":"repeat","background-position":"center center","background-size":"auto","background-attachment":"scroll","background-type":"","background-media":"","overlay-type":"","overlay-color":"","overlay-opacity":"","overlay-gradient":""}},"footnotes":""},"class_list":["post-5236","page","type-page","status-publish","hentry"],"uagb_featured_image_src":{"full":false,"thumbnail":false,"medium":false,"medium_large":false,"large":false,"1536x1536":false,"2048x2048":false,"trp-custom-language-flag":false,"woocommerce_thumbnail":false,"woocommerce_single":false,"woocommerce_gallery_thumbnail":false},"uagb_author_info":{"display_name":"gavintu9353@gmail.com","author_link":"https:\/\/allgensin.com\/pt\/author\/gavintu9353gmail-com\/"},"uagb_comment_info":0,"uagb_excerpt":null,"_links":{"self":[{"href":"https:\/\/allgensin.com\/pt\/wp-json\/wp\/v2\/pages\/5236","targetHints":{"allow":["GET"]}}],"collection":[{"href":"https:\/\/allgensin.com\/pt\/wp-json\/wp\/v2\/pages"}],"about":[{"href":"https:\/\/allgensin.com\/pt\/wp-json\/wp\/v2\/types\/page"}],"author":[{"embeddable":true,"href":"https:\/\/allgensin.com\/pt\/wp-json\/wp\/v2\/users\/1"}],"replies":[{"embeddable":true,"href":"https:\/\/allgensin.com\/pt\/wp-json\/wp\/v2\/comments?post=5236"}],"version-history":[{"count":25,"href":"https:\/\/allgensin.com\/pt\/wp-json\/wp\/v2\/pages\/5236\/revisions"}],"predecessor-version":[{"id":6225,"href":"https:\/\/allgensin.com\/pt\/wp-json\/wp\/v2\/pages\/5236\/revisions\/6225"}],"wp:attachment":[{"href":"https:\/\/allgensin.com\/pt\/wp-json\/wp\/v2\/media?parent=5236"}],"curies":[{"name":"wp","href":"https:\/\/api.w.org\/{rel}","templated":true}]}}