{"id":5949,"date":"2025-07-03T11:06:17","date_gmt":"2025-07-03T03:06:17","guid":{"rendered":"https:\/\/allgensin.com\/?post_type=product&#038;p=5949"},"modified":"2025-07-04T10:34:45","modified_gmt":"2025-07-04T02:34:45","slug":"laptop-all-digital-ultrasound-diagnostic-system","status":"publish","type":"product","link":"https:\/\/allgensin.com\/fr\/produit\/laptop-all-digital-ultrasound-diagnostic-system\/","title":{"rendered":"Syst\u00e8me de diagnostic par ultrasons enti\u00e8rement num\u00e9rique pour ordinateur portable"},"content":{"rendered":"<ul>\n<li>Operating system : ARM architecture\u00a0 system<\/li>\n<li>Screen:15 inch,1024*768 resolution , HD\u00a0\u00a0 LED\u00a0\u00a0 screen<\/li>\n<li>Preset and optimization function : with image post-processing function . Based on a\u00a0 large amount of clinical\u00a0\u00a0\u00a0\u00a0\u00a0\u00a0 experience ,the machine has different preset adjustment conditions for different parts or organs examined by\u00a0\u00a0\u00a0\u00a0 different departments and has one-click optimization function.<\/li>\n<li>Obstetric measurement : there are\u00a0 different\u00a0 ethnic\u00a0 measurement \u00a0formulas<\/li>\n<li>Operating languages:Chinese,English,German,French,Spanish,Portuguese,Russian,Persian,Arabic,etc<\/li>\n<li>Imaging Mode:B,B+B,B+M,M,4B,PW<\/li>\n<li>Probe array element : automatically identify and use a variety of array element probe\u25a180 elements,96 elements,128 elements)Note : Only the probes produced\u00a0 by our company.<\/li>\n<li>Cine playback:\u2265500 frame<\/li>\n<li>Image storage:\u2265360 images . External\u00a0 USB\u00a0 storage , single\u00a0 image\u00a0 storage\u00a0 time\u22649\u00a0 seconds\u00a0 (storage\u00a0 speed\u00a0 is\u00a0 related to the USB device used)<\/li>\n<li>Scanning angle adjustment : adjustable<\/li>\n<li>Image magnification : separate swirl\u00a0 depth\u00a0 adjustment\u00a0 (25\u00a0 levels\u00a0 adjustable);<\/li>\n<li>Puncture : with puncture guide\u00a0 line , angle\u00a0 and\u00a0 position \u00a0are\u00a0 adjustable<\/li>\n<li>Focus : adjustable focus position,5\u00a0 levels\u00a0 of\u00a0 focus\u00a0 position\u00a0 adjustment<\/li>\n<li>Image adjustment : up and\u00a0 down ,left\u00a0 and\u00a0 right , brightness , focus\u00a0 position , dynamic\u00a0 range , scanning\u00a0 angle, frame\u00a0 correlation M\u00a0 speed<\/li>\n<li>Image processing : image smoothing\/sharpening , tissue\u00a0\u00a0 harmonics , gamma\u00a0\u00a0 correction , false color<\/li>\n<\/ul>","protected":false},"excerpt":{"rendered":"<p><img decoding=\"async\" class=\"alignnone size-medium wp-image-5955\" src=\"https:\/\/allgensin.com\/wp-content\/uploads\/2025\/07\/\u5c4f\u5e55\u622a\u56fe-2025-07-03-110456-1-300x75.png\" alt=\"\" width=\"300\" height=\"75\" srcset=\"https:\/\/allgensin.com\/wp-content\/uploads\/2025\/07\/\u5c4f\u5e55\u622a\u56fe-2025-07-03-110456-1-300x75.png 300w, https:\/\/allgensin.com\/wp-content\/uploads\/2025\/07\/\u5c4f\u5e55\u622a\u56fe-2025-07-03-110456-1-768x193.png 768w, https:\/\/allgensin.com\/wp-content\/uploads\/2025\/07\/\u5c4f\u5e55\u622a\u56fe-2025-07-03-110456-1-600x150.png 600w, https:\/\/allgensin.com\/wp-content\/uploads\/2025\/07\/\u5c4f\u5e55\u622a\u56fe-2025-07-03-110456-1.png 941w\" sizes=\"(max-width: 300px) 100vw, 300px\" \/><\/p>","protected":false},"featured_media":5951,"template":"","meta":{"_surecart_dashboard_logo_width":"180px","_surecart_dashboard_show_logo":true,"_surecart_dashboard_navigation_orders":true,"_surecart_dashboard_navigation_invoices":true,"_surecart_dashboard_navigation_subscriptions":true,"_surecart_dashboard_navigation_downloads":true,"_surecart_dashboard_navigation_billing":true,"_surecart_dashboard_navigation_account":true,"_uag_custom_page_level_css":"","site-sidebar-layout":"default","site-content-layout":"","ast-site-content-layout":"default","site-content-style":"default","site-sidebar-style":"default","ast-global-header-display":"","ast-banner-title-visibility":"","ast-main-header-display":"","ast-hfb-above-header-display":"","ast-hfb-below-header-display":"","ast-hfb-mobile-header-display":"","site-post-title":"","ast-breadcrumbs-content":"","ast-featured-img":"","footer-sml-layout":"","ast-disable-related-posts":"","theme-transparent-header-meta":"default","adv-header-id-meta":"","stick-header-meta":"default","header-above-stick-meta":"","header-main-stick-meta":"","header-below-stick-meta":"","astra-migrate-meta-layouts":"set","ast-page-background-enabled":"default","ast-page-background-meta":{"desktop":{"background-color":"","background-image":"","background-repeat":"repeat","background-position":"center center","background-size":"auto","background-attachment":"scroll","background-type":"","background-media":"","overlay-type":"","overlay-color":"","overlay-opacity":"","overlay-gradient":""},"tablet":{"background-color":"","background-image":"","background-repeat":"repeat","background-position":"center center","background-size":"auto","background-attachment":"scroll","background-type":"","background-media":"","overlay-type":"","overlay-color":"","overlay-opacity":"","overlay-gradient":""},"mobile":{"background-color":"","background-image":"","background-repeat":"repeat","background-position":"center center","background-size":"auto","background-attachment":"scroll","background-type":"","background-media":"","overlay-type":"","overlay-color":"","overlay-opacity":"","overlay-gradient":""}},"ast-content-background-meta":{"desktop":{"background-color":"var(--ast-global-color-5)","background-image":"","background-repeat":"repeat","background-position":"center center","background-size":"auto","background-attachment":"scroll","background-type":"","background-media":"","overlay-type":"","overlay-color":"","overlay-opacity":"","overlay-gradient":""},"tablet":{"background-color":"var(--ast-global-color-5)","background-image":"","background-repeat":"repeat","background-position":"center center","background-size":"auto","background-attachment":"scroll","background-type":"","background-media":"","overlay-type":"","overlay-color":"","overlay-opacity":"","overlay-gradient":""},"mobile":{"background-color":"var(--ast-global-color-5)","background-image":"","background-repeat":"repeat","background-position":"center center","background-size":"auto","background-attachment":"scroll","background-type":"","background-media":"","overlay-type":"","overlay-color":"","overlay-opacity":"","overlay-gradient":""}}},"product_brand":[76],"product_cat":[135],"product_tag":[],"class_list":{"0":"post-5949","1":"product","2":"type-product","3":"status-publish","4":"has-post-thumbnail","6":"product_brand-allgensin","7":"product_cat-medical-imaging","8":"desktop-align-left","9":"tablet-align-left","10":"mobile-align-left","12":"first","13":"instock","14":"shipping-taxable","15":"product-type-simple"},"uagb_featured_image_src":{"full":["https:\/\/allgensin.com\/wp-content\/uploads\/2025\/07\/\u5c4f\u5e55\u622a\u56fe-2025-04-27-122144.png",571,415,false],"thumbnail":["https:\/\/allgensin.com\/wp-content\/uploads\/2025\/07\/\u5c4f\u5e55\u622a\u56fe-2025-04-27-122144-150x150.png",150,150,true],"medium":["https:\/\/allgensin.com\/wp-content\/uploads\/2025\/07\/\u5c4f\u5e55\u622a\u56fe-2025-04-27-122144-300x218.png",300,218,true],"medium_large":["https:\/\/allgensin.com\/wp-content\/uploads\/2025\/07\/\u5c4f\u5e55\u622a\u56fe-2025-04-27-122144.png",571,415,false],"large":["https:\/\/allgensin.com\/wp-content\/uploads\/2025\/07\/\u5c4f\u5e55\u622a\u56fe-2025-04-27-122144.png",571,415,false],"1536x1536":["https:\/\/allgensin.com\/wp-content\/uploads\/2025\/07\/\u5c4f\u5e55\u622a\u56fe-2025-04-27-122144.png",571,415,false],"2048x2048":["https:\/\/allgensin.com\/wp-content\/uploads\/2025\/07\/\u5c4f\u5e55\u622a\u56fe-2025-04-27-122144.png",571,415,false],"trp-custom-language-flag":["https:\/\/allgensin.com\/wp-content\/uploads\/2025\/07\/\u5c4f\u5e55\u622a\u56fe-2025-04-27-122144.png",18,12,false],"woocommerce_thumbnail":["https:\/\/allgensin.com\/wp-content\/uploads\/2025\/07\/\u5c4f\u5e55\u622a\u56fe-2025-04-27-122144-300x300.png",300,300,true],"woocommerce_single":["https:\/\/allgensin.com\/wp-content\/uploads\/2025\/07\/\u5c4f\u5e55\u622a\u56fe-2025-04-27-122144.png",571,415,false],"woocommerce_gallery_thumbnail":["https:\/\/allgensin.com\/wp-content\/uploads\/2025\/07\/\u5c4f\u5e55\u622a\u56fe-2025-04-27-122144-100x100.png",100,100,true]},"uagb_author_info":{"display_name":"gavintu9353@gmail.com","author_link":"https:\/\/allgensin.com\/fr\/author\/"},"uagb_comment_info":0,"uagb_excerpt":null,"_links":{"self":[{"href":"https:\/\/allgensin.com\/fr\/wp-json\/wp\/v2\/product\/5949","targetHints":{"allow":["GET"]}}],"collection":[{"href":"https:\/\/allgensin.com\/fr\/wp-json\/wp\/v2\/product"}],"about":[{"href":"https:\/\/allgensin.com\/fr\/wp-json\/wp\/v2\/types\/product"}],"wp:featuredmedia":[{"embeddable":true,"href":"https:\/\/allgensin.com\/fr\/wp-json\/wp\/v2\/media\/5951"}],"wp:attachment":[{"href":"https:\/\/allgensin.com\/fr\/wp-json\/wp\/v2\/media?parent=5949"}],"wp:term":[{"taxonomy":"product_brand","embeddable":true,"href":"https:\/\/allgensin.com\/fr\/wp-json\/wp\/v2\/product_brand?post=5949"},{"taxonomy":"product_cat","embeddable":true,"href":"https:\/\/allgensin.com\/fr\/wp-json\/wp\/v2\/product_cat?post=5949"},{"taxonomy":"product_tag","embeddable":true,"href":"https:\/\/allgensin.com\/fr\/wp-json\/wp\/v2\/product_tag?post=5949"}],"curies":[{"name":"wp","href":"https:\/\/api.w.org\/{rel}","templated":true}]}}