{"id":5684,"date":"2025-06-30T18:01:24","date_gmt":"2025-06-30T10:01:24","guid":{"rendered":"https:\/\/allgensin.com\/?post_type=product&#038;p=5684"},"modified":"2025-06-30T18:01:24","modified_gmt":"2025-06-30T10:01:24","slug":"reparation-par-endoscopie-rigide","status":"publish","type":"product","link":"https:\/\/allgensin.com\/fr\/produit\/reparation-par-endoscopie-rigide\/","title":{"rendered":"R\u00e9paration de l'endoscopie rigide"},"content":{"rendered":"<p><img fetchpriority=\"high\" decoding=\"async\" class=\"alignnone size-medium wp-image-5686\" src=\"http:\/\/allgensin.com\/wp-content\/uploads\/2025\/06\/\u5c4f\u5e55\u622a\u56fe-2025-06-30-175452-300x275.png\" alt=\"\" width=\"300\" height=\"275\" srcset=\"https:\/\/allgensin.com\/wp-content\/uploads\/2025\/06\/\u5c4f\u5e55\u622a\u56fe-2025-06-30-175452-300x275.png 300w, https:\/\/allgensin.com\/wp-content\/uploads\/2025\/06\/\u5c4f\u5e55\u622a\u56fe-2025-06-30-175452-768x705.png 768w, https:\/\/allgensin.com\/wp-content\/uploads\/2025\/06\/\u5c4f\u5e55\u622a\u56fe-2025-06-30-175452-600x551.png 600w, https:\/\/allgensin.com\/wp-content\/uploads\/2025\/06\/\u5c4f\u5e55\u622a\u56fe-2025-06-30-175452.png 856w\" sizes=\"(max-width: 300px) 100vw, 300px\" \/><\/p>\n<p>Assurance qualit\u00e9<br \/>\nNotre soci\u00e9t\u00e9 utilise toutes les pi\u00e8ces d\u00e9tach\u00e9es import\u00e9es d'Allemagne, des \u00c9tats-Unis et du Japon dans le processus de r\u00e9paration afin de garantir que la qualit\u00e9 de la r\u00e9paration des produits atteint le niveau avanc\u00e9 \u00e0 l'\u00e9tranger.<\/p>\n<p>P\u00e9riode de garantie<br \/>\nL'entreprise promet une garantie gratuite de six mois pour toutes les s\u00e9ries d'endoscopie rigide et les pi\u00e8ces de rechange.<\/p>\n<p>Temps de r\u00e9paration<br \/>\nL'entreprise garantit que les endoscopes rigides ordinaires g\u00e9n\u00e9ralement endommag\u00e9s peuvent \u00eatre r\u00e9par\u00e9s dans un d\u00e9lai de sept jours ouvrables. Les endoscopes rigides ordinaires gravement endommag\u00e9s peuvent \u00eatre r\u00e9par\u00e9s dans un d\u00e9lai de dix jours ouvrables.<\/p>\n<p>Endoscopie rigide sp\u00e9ciale<\/p>\n<ul>\n<li>PCNL<\/li>\n<li>Ur\u00e9teroscopie<\/li>\n<li>Foraminoscopie intervert\u00e9brale<\/li>\n<li>N\u00e9phroscopie percutan\u00e9e<\/li>\n<li>Hyst\u00e9roscopie compacte<\/li>\n<li>Cystoscopie transur\u00e9trale<\/li>\n<\/ul>","protected":false},"excerpt":{"rendered":"<p><strong>Endoscopie rigide ordinaire :<\/strong><br \/>\nRemplacer la lentille de l'objectif, remplacer la lentille cass\u00e9e,<\/p>\n<p>nettoyage interne et externe, r\u00e9glages optiques.<br \/>\nEndoscopie rigide sp\u00e9ciale :<br \/>\nRemplacer les tubes, remplacer les fibres optiques, remplacer l'image de la fibre optique,<\/p>\n<p>remplacer la lentille de l'objectif, nettoyage et ajustements optiques, remplacer la lentille de l'objectif.<\/p>\n<p>l'oculaire, en relisant \u00e0 nouveau les images.<\/p>\n<p><strong>Endoscopie rigide ordinaire :<\/strong><br \/>\nRemplacement des lentilles cass\u00e9es, nettoyage interne et externe, r\u00e9glages optiques.<\/p>\n<p>Endoscopie rigide sp\u00e9ciale :<br \/>\nRemplacement de l'image par fibre optique, remplacement de la lentille de l'objectif, nettoyage et ajustements optiques, remplacement de l'oculaire, relecture des images.<\/p>\n<p>Endoscopie rigide ordinaire :<br \/>\nremplacer la lentille cass\u00e9e.<\/p>\n<p><strong>Endoscopie rigide sp\u00e9ciale :<\/strong><br \/>\nR\u00e9glages optiques,<br \/>\nremplacer l'oculaire.<\/p>","protected":false},"featured_media":5688,"template":"","meta":{"_surecart_dashboard_logo_width":"180px","_surecart_dashboard_show_logo":true,"_surecart_dashboard_navigation_orders":true,"_surecart_dashboard_navigation_invoices":true,"_surecart_dashboard_navigation_subscriptions":true,"_surecart_dashboard_navigation_downloads":true,"_surecart_dashboard_navigation_billing":true,"_surecart_dashboard_navigation_account":true,"_uag_custom_page_level_css":"","site-sidebar-layout":"default","site-content-layout":"","ast-site-content-layout":"default","site-content-style":"default","site-sidebar-style":"default","ast-global-header-display":"","ast-banner-title-visibility":"","ast-main-header-display":"","ast-hfb-above-header-display":"","ast-hfb-below-header-display":"","ast-hfb-mobile-header-display":"","site-post-title":"","ast-breadcrumbs-content":"","ast-featured-img":"","footer-sml-layout":"","ast-disable-related-posts":"","theme-transparent-header-meta":"default","adv-header-id-meta":"","stick-header-meta":"default","header-above-stick-meta":"","header-main-stick-meta":"","header-below-stick-meta":"","astra-migrate-meta-layouts":"set","ast-page-background-enabled":"default","ast-page-background-meta":{"desktop":{"background-color":"","background-image":"","background-repeat":"repeat","background-position":"center center","background-size":"auto","background-attachment":"scroll","background-type":"","background-media":"","overlay-type":"","overlay-color":"","overlay-opacity":"","overlay-gradient":""},"tablet":{"background-color":"","background-image":"","background-repeat":"repeat","background-position":"center center","background-size":"auto","background-attachment":"scroll","background-type":"","background-media":"","overlay-type":"","overlay-color":"","overlay-opacity":"","overlay-gradient":""},"mobile":{"background-color":"","background-image":"","background-repeat":"repeat","background-position":"center center","background-size":"auto","background-attachment":"scroll","background-type":"","background-media":"","overlay-type":"","overlay-color":"","overlay-opacity":"","overlay-gradient":""}},"ast-content-background-meta":{"desktop":{"background-color":"var(--ast-global-color-5)","background-image":"","background-repeat":"repeat","background-position":"center center","background-size":"auto","background-attachment":"scroll","background-type":"","background-media":"","overlay-type":"","overlay-color":"","overlay-opacity":"","overlay-gradient":""},"tablet":{"background-color":"var(--ast-global-color-5)","background-image":"","background-repeat":"repeat","background-position":"center center","background-size":"auto","background-attachment":"scroll","background-type":"","background-media":"","overlay-type":"","overlay-color":"","overlay-opacity":"","overlay-gradient":""},"mobile":{"background-color":"var(--ast-global-color-5)","background-image":"","background-repeat":"repeat","background-position":"center center","background-size":"auto","background-attachment":"scroll","background-type":"","background-media":"","overlay-type":"","overlay-color":"","overlay-opacity":"","overlay-gradient":""}}},"product_brand":[],"product_cat":[117],"product_tag":[],"class_list":{"0":"post-5684","1":"product","2":"type-product","3":"status-publish","4":"has-post-thumbnail","6":"product_cat-endoscope-repairing","7":"desktop-align-left","8":"tablet-align-left","9":"mobile-align-left","11":"first","12":"instock","13":"shipping-taxable","14":"product-type-simple"},"uagb_featured_image_src":{"full":["https:\/\/allgensin.com\/wp-content\/uploads\/2025\/06\/\u5c4f\u5e55\u622a\u56fe-2025-06-30-175610.png",1582,480,false],"thumbnail":["https:\/\/allgensin.com\/wp-content\/uploads\/2025\/06\/\u5c4f\u5e55\u622a\u56fe-2025-06-30-175610-150x150.png",150,150,true],"medium":["https:\/\/allgensin.com\/wp-content\/uploads\/2025\/06\/\u5c4f\u5e55\u622a\u56fe-2025-06-30-175610-300x91.png",300,91,true],"medium_large":["https:\/\/allgensin.com\/wp-content\/uploads\/2025\/06\/\u5c4f\u5e55\u622a\u56fe-2025-06-30-175610-768x233.png",768,233,true],"large":["https:\/\/allgensin.com\/wp-content\/uploads\/2025\/06\/\u5c4f\u5e55\u622a\u56fe-2025-06-30-175610-1024x311.png",1024,311,true],"1536x1536":["https:\/\/allgensin.com\/wp-content\/uploads\/2025\/06\/\u5c4f\u5e55\u622a\u56fe-2025-06-30-175610-1536x466.png",1536,466,true],"2048x2048":["https:\/\/allgensin.com\/wp-content\/uploads\/2025\/06\/\u5c4f\u5e55\u622a\u56fe-2025-06-30-175610.png",1582,480,false],"trp-custom-language-flag":["https:\/\/allgensin.com\/wp-content\/uploads\/2025\/06\/\u5c4f\u5e55\u622a\u56fe-2025-06-30-175610.png",18,5,false],"woocommerce_thumbnail":["https:\/\/allgensin.com\/wp-content\/uploads\/2025\/06\/\u5c4f\u5e55\u622a\u56fe-2025-06-30-175610-300x300.png",300,300,true],"woocommerce_single":["https:\/\/allgensin.com\/wp-content\/uploads\/2025\/06\/\u5c4f\u5e55\u622a\u56fe-2025-06-30-175610-600x182.png",600,182,true],"woocommerce_gallery_thumbnail":["https:\/\/allgensin.com\/wp-content\/uploads\/2025\/06\/\u5c4f\u5e55\u622a\u56fe-2025-06-30-175610-100x100.png",100,100,true]},"uagb_author_info":{"display_name":"evo","author_link":"https:\/\/allgensin.com\/fr\/author\/"},"uagb_comment_info":0,"uagb_excerpt":"Ordinary Rigid Endoscopy: Replace objective lens, replace broken lens, internal and external cleaning, optical adjustments. Special Rigid Endoscopy: Replace tubing, replace light fibers, replace fiber-optic image, replace objective lens, cleaning and optical adjustments, replace eyepiece, proofreading images again. Ordinary Rigid Endoscopy: Replace broken lens, internal and external cleaning, optical adjustments. Special Rigid Endoscopy: Replace fiber\u2026","_links":{"self":[{"href":"https:\/\/allgensin.com\/fr\/wp-json\/wp\/v2\/product\/5684","targetHints":{"allow":["GET"]}}],"collection":[{"href":"https:\/\/allgensin.com\/fr\/wp-json\/wp\/v2\/product"}],"about":[{"href":"https:\/\/allgensin.com\/fr\/wp-json\/wp\/v2\/types\/product"}],"wp:featuredmedia":[{"embeddable":true,"href":"https:\/\/allgensin.com\/fr\/wp-json\/wp\/v2\/media\/5688"}],"wp:attachment":[{"href":"https:\/\/allgensin.com\/fr\/wp-json\/wp\/v2\/media?parent=5684"}],"wp:term":[{"taxonomy":"product_brand","embeddable":true,"href":"https:\/\/allgensin.com\/fr\/wp-json\/wp\/v2\/product_brand?post=5684"},{"taxonomy":"product_cat","embeddable":true,"href":"https:\/\/allgensin.com\/fr\/wp-json\/wp\/v2\/product_cat?post=5684"},{"taxonomy":"product_tag","embeddable":true,"href":"https:\/\/allgensin.com\/fr\/wp-json\/wp\/v2\/product_tag?post=5684"}],"curies":[{"name":"wp","href":"https:\/\/api.w.org\/{rel}","templated":true}]}}