{"id":5237,"date":"2025-06-03T13:37:39","date_gmt":"2025-06-03T13:37:39","guid":{"rendered":"https:\/\/allgensin.com\/about-3\/"},"modified":"2025-06-28T07:42:50","modified_gmt":"2025-06-28T07:42:50","slug":"environ-3","status":"publish","type":"page","link":"https:\/\/allgensin.com\/fr\/environ-3\/","title":{"rendered":"A propos de"},"content":{"rendered":"<div class=\"wp-block-uagb-container uagb-block-ea8750ae alignfull uagb-is-root-container\"><div class=\"uagb-container-inner-blocks-wrap\">\n<div class=\"wp-block-uagb-advanced-heading uagb-block-5d0596af\"><h1 class=\"uagb-heading-text\">\u00c0 propos de nous<\/h1><\/div>\n<\/div><\/div>\n\n\n\n<div class=\"wp-block-uagb-container uagb-layout-grid uagb-block-32e874b4 alignfull uagb-is-root-container\"><div class=\"uagb-container-inner-blocks-wrap\">\n<div class=\"wp-block-uagb-info-box uagb-block-fbae65f3 uagb-infobox__content-wrap  uagb-infobox-icon-above-title uagb-infobox-image-valign-top\"><div class=\"uagb-ifb-content\"><div class=\"uagb-ifb-title-wrap\"><h5 class=\"uagb-ifb-title-prefix\">Solutions de haute qualit\u00e9 dans le domaine m\u00e9dical et analytique<\/h5><h2 class=\"uagb-ifb-title\">Fabrication de pi\u00e8ces de rechange rentables et compatibles pour les \u00e9quipements m\u00e9dicaux, les consommables, les r\u00e9actifs et les services.<\/h2><\/div><\/div><\/div>\n\n\n\n<div class=\"wp-block-uagb-info-box uagb-block-54f3395c uagb-infobox__content-wrap  uagb-infobox-icon-above-title uagb-infobox-image-valign-top\"><div class=\"uagb-ifb-content\"><div class=\"uagb-ifb-title-wrap\"><h3 class=\"uagb-ifb-title\">Depuis 2006, nous nous consacrons \u00e0 la fabrication de produits compatibles dans les domaines du diagnostic in vitro, de la science et de l'\u00e9quipement m\u00e9dical, afin de rendre le diagnostic beaucoup moins cher.<\/h3><\/div><p class=\"uagb-ifb-desc\">Allgensin, filiale du groupe HUAYU pharmed, est dirig\u00e9e par une \u00e9quipe de professionnels issus de l'Universit\u00e9 de P\u00e9kin et d\u00e9vou\u00e9s au domaine m\u00e9dical et scientifique. Elle se consacre \u00e0 fournir des solutions dans les 8 sections suivantes, y compris :<br>1- R\u00e9actif de remplacement pour DIV (h\u00e9matologie, urine, chimie, coagulation, CLIA).<br>2- Consommable analytique compatible (colonne chromatographique, lampe \u00e0 dioxyde de carbone).<br>3- Consommables et pi\u00e8ces de rechange compatibles avec l'imagerie et service de r\u00e9paration (endoscopie rigide\/flexible, ultrasons).<br>4- Produit de laboratoire universel (\u00e9quipement de laboratoire - pipette, centrifugeuse, manipulation des liquides. Consommable de laboratoire - Embouts multiples \/ Tubes \/ Verres, Bo\u00eete d'embo\u00eetement).<br>5- \u00c9quipement analytique (chromatographe, spectrom\u00e8tre de masse, spectrom\u00e8tre, d\u00e9tecteur de PH, turbidim\u00e8tre).<br>6- \u00c9quipement m\u00e9dical (couvrant l'imagerie m\u00e9dicale, la pathologie, les dispositifs de diagnostic in vitro, les moniteurs de surveillance et les produits de maintien des fonctions vitales).<br>7- Vet Med Equipment (solution totale pour les cliniques et les h\u00f4pitaux v\u00e9t\u00e9rinaires, fournissant des ultrasons, des rayons X et des laboratoires v\u00e9t\u00e9rinaires).<br>8- \u00c9quipement remis \u00e0 neuf (endoscope remis \u00e0 neuf, \u00e9chographie, chimie, CLIA, h\u00e9matologie, coagulation, etc.)<\/p><\/div><\/div>\n<\/div><\/div>\n\n\n\n<div class=\"wp-block-uagb-container uagb-block-6be40f00 alignfull uagb-is-root-container\"><div class=\"uagb-container-inner-blocks-wrap\">\n<div class=\"wp-block-uagb-container uagb-layout-grid uagb-block-f4b0440c\">\n<div class=\"wp-block-uagb-info-box uagb-block-e7c5835b uagb-infobox__content-wrap  uagb-infobox-icon-above-title uagb-infobox-image-valign-top\"><div class=\"uagb-ifb-content\"><div class=\"uagb-ifb-title-wrap\"><h5 class=\"uagb-ifb-title-prefix\">Quelques faits int\u00e9ressants<\/h5><h2 class=\"uagb-ifb-title\">Les chiffres parlent d'eux-m\u00eames<\/h2><\/div><\/div><\/div>\n\n\n\n<div class=\"wp-block-uagb-counter uagb-block-24a0b4ad wp-block-uagb-counter--number\"><div class=\"wp-block-uagb-counter__number\"><span class=\"uagb-counter-block-number\" data-duration=\"2\" data-to-value=\"1053\" data-from-value=\"0\" data-delimiter=\",\"><\/span><\/div><div class=\"wp-block-uagb-counter__title\">Salari\u00e9s<\/div><\/div>\n\n\n\n<div class=\"wp-block-uagb-counter uagb-block-14824e59 wp-block-uagb-counter--number\"><div class=\"wp-block-uagb-counter__number\"><span class=\"uagb-counter-block-number\" data-duration=\"2\" data-to-value=\"19\" data-from-value=\"0\" data-delimiter=\",\"><\/span><\/div><div class=\"wp-block-uagb-counter__title\">Ann\u00e9es d'exp\u00e9rience<\/div><\/div>\n\n\n\n<div class=\"wp-block-uagb-counter uagb-block-604bbe6f wp-block-uagb-counter--number\"><div class=\"wp-block-uagb-counter__number\"><span class=\"uagb-counter-block-number\" data-duration=\"2\" data-to-value=\"63\" data-from-value=\"0\" data-delimiter=\",\"><\/span><\/div><div class=\"wp-block-uagb-counter__title\">Pays<\/div><\/div>\n<\/div>\n\n\n\n<div class=\"wp-block-uagb-advanced-heading uagb-block-8e598847\"><h3 class=\"uagb-heading-text\">La qualit\u00e9 avant tout ! Nous veillons \u00e0 ce que chaque d\u00e9tail soit pris en compte lors de la fabrication du moindre produit. Nous nous concentrons 100% sur les besoins et la satisfaction de nos clients.<\/h3><\/div>\n\n\n\n<div class=\"wp-block-uagb-container uagb-layout-grid uagb-block-2b8639e4\">\n<div class=\"wp-block-uagb-advanced-heading uagb-block-dda0e0fa\"><h4 class=\"uagb-heading-text\">R\u00e9actifs et consommables compatibles avec la DIV<\/h4><p class=\"uagb-desc-text\">1- <a>R\u00e9actifs d'h\u00e9matologie : Sysmex, Mindray, Beckman, Abbott, Siemens, Dymind, Horiba ABX, Nihoh Koahden, Rayto, Dirui, Urit.<\/a><br>2- Bandelettes urinaires et r\u00e9actifs : Sysmex, Arkray, Dirui, Urit, AVE, GEB.<br>3- R\u00e9actifs et consommables de chimie : Roche, Hitachi, Abbott, Siemens, Beckman, Mindray, Toshiba, Dirui, Urit.<br>4- R\u00e9actifs de coagulation et consommables : Sekisui, Biochem, Sunbio, Rayto, Mindray.<br>5 -CLIA R\u00e9actif original (export\u00e9 de l'UE) : Roche, Abbott, VIDAS.<\/p><\/div>\n\n\n\n<div class=\"wp-block-uagb-advanced-heading uagb-block-b946363e\"><h4 class=\"uagb-heading-text\">Consommables et pi\u00e8ces de rechange compatibles pour endoscopes et \u00e9chographes<\/h4><p class=\"uagb-desc-text\">1- Sondes \u00e9chographiques compatibles et r\u00e9paratrices, couvrant toutes les marques : GE, Philips, Siemens, Hitachi, Esaote, Medison, Mindray, etc.<br>2- Pi\u00e8ces d\u00e9tach\u00e9es pour endoscopes : Couvre le c\u00e2ble de la cam\u00e9ra, le c\u00e2ble des pi\u00e8ces \u00e0 main du rasoir, le coupleur de c\u00e2ble, le c\u00e2ble de fibre optique, etc.<br>3- Services de r\u00e9paration d'endoscopes et de noyaux<br>Marques : STORZ, WOLF, smith &amp; nephew, Medtronic, OLYMPUS, stryker, SPINENDOS, maxMorespine, joimax, mindray, GYRUS ACMI, etc.<br>Questions relatives \u00e0 la flexibilit\u00e9 : Corrosion de l'interface, d\u00e9formation du tube de flexion, dommages caus\u00e9s par le CCD<br>Probl\u00e8mes li\u00e9s \u00e0 la rigidit\u00e9 : Images floues, rupture de l'objectif, entr\u00e9e d'eau interne.<br><\/p><\/div>\n\n\n\n<div class=\"wp-block-uagb-advanced-heading uagb-block-21f13684\"><h3 class=\"uagb-heading-text\">R\u00e9actifs \/ consommables \/ pi\u00e8ces d\u00e9tach\u00e9es compatibles beaucoup moins chers que ceux du fabricant d'origine<\/h3><\/div>\n<\/div>\n<\/div><\/div>\n\n\n\n<div class=\"wp-block-uagb-container uagb-layout-flex uagb-block-af5df69f alignfull uagb-is-root-container\"><div class=\"uagb-container-inner-blocks-wrap\">\n<div class=\"wp-block-uagb-call-to-action uagb-block-d83192c0 wp-block-button\"><div class=\"uagb-cta__wrap\"><h3 class=\"uagb-cta__title\">Pour plus d'informations, n'h\u00e9sitez pas \u00e0 nous contacter !<\/h3><p class=\"uagb-cta__desc\">Cliquez ici pour modifier ce texte. Lorem ipsum dolor sit amet, consectetur adipiscing elit. Ut elit tellus, luctus nec ullamcorper mattis, pulvinar dapibus leo.<\/p><\/div><div class=\"uagb-cta__buttons\"><a href=\"#\" class=\"uagb-cta__button-link-wrapper wp-block-button__link\" target=\"_self\" rel=\"noopener noreferrer\">En savoir plus<\/a><\/div><\/div>\n<\/div><\/div>","protected":false},"excerpt":{"rendered":"<p>About Us Quality Comes First! We Make Sure That Every Minute Detail Is Looked Into While Manufacturing Even The Smallest Product. Our Focus Is 100% On Client Needs And Satisfaction. IVD Compatible Reagent and Consumable 1- Hematology Reagents: Sysmex, Mindray, Beckman, Abbott, Siemens, Dymind, Horiba ABX, Nihoh Koahden, Rayto, Dirui, Urit.2- Urine Strips and Reagents: [&hellip;]<\/p>\n","protected":false},"author":1,"featured_media":5277,"parent":0,"menu_order":0,"comment_status":"closed","ping_status":"closed","template":"","meta":{"_surecart_dashboard_logo_width":"180px","_surecart_dashboard_show_logo":true,"_surecart_dashboard_navigation_orders":true,"_surecart_dashboard_navigation_invoices":true,"_surecart_dashboard_navigation_subscriptions":true,"_surecart_dashboard_navigation_downloads":true,"_surecart_dashboard_navigation_billing":true,"_surecart_dashboard_navigation_account":true,"_uag_custom_page_level_css":"","site-sidebar-layout":"no-sidebar","site-content-layout":"plain-container","ast-site-content-layout":"normal-width-container","site-content-style":"unboxed","site-sidebar-style":"unboxed","ast-global-header-display":"","ast-banner-title-visibility":"","ast-main-header-display":"","ast-hfb-above-header-display":"","ast-hfb-below-header-display":"","ast-hfb-mobile-header-display":"","site-post-title":"disabled","ast-breadcrumbs-content":"","ast-featured-img":"disabled","footer-sml-layout":"","ast-disable-related-posts":"","theme-transparent-header-meta":"enabled","adv-header-id-meta":"","stick-header-meta":"","header-above-stick-meta":"","header-main-stick-meta":"","header-below-stick-meta":"","astra-migrate-meta-layouts":"set","ast-page-background-enabled":"default","ast-page-background-meta":{"desktop":{"background-color":"","background-image":"","background-repeat":"repeat","background-position":"center center","background-size":"auto","background-attachment":"scroll","background-type":"","background-media":"","overlay-type":"","overlay-color":"","overlay-opacity":"","overlay-gradient":""},"tablet":{"background-color":"","background-image":"","background-repeat":"repeat","background-position":"center center","background-size":"auto","background-attachment":"scroll","background-type":"","background-media":"","overlay-type":"","overlay-color":"","overlay-opacity":"","overlay-gradient":""},"mobile":{"background-color":"","background-image":"","background-repeat":"repeat","background-position":"center center","background-size":"auto","background-attachment":"scroll","background-type":"","background-media":"","overlay-type":"","overlay-color":"","overlay-opacity":"","overlay-gradient":""}},"ast-content-background-meta":{"desktop":{"background-color":"var(--ast-global-color-5)","background-image":"","background-repeat":"repeat","background-position":"center center","background-size":"auto","background-attachment":"scroll","background-type":"","background-media":"","overlay-type":"","overlay-color":"","overlay-opacity":"","overlay-gradient":""},"tablet":{"background-color":"var(--ast-global-color-5)","background-image":"","background-repeat":"repeat","background-position":"center center","background-size":"auto","background-attachment":"scroll","background-type":"","background-media":"","overlay-type":"","overlay-color":"","overlay-opacity":"","overlay-gradient":""},"mobile":{"background-color":"var(--ast-global-color-5)","background-image":"","background-repeat":"repeat","background-position":"center center","background-size":"auto","background-attachment":"scroll","background-type":"","background-media":"","overlay-type":"","overlay-color":"","overlay-opacity":"","overlay-gradient":""}},"footnotes":""},"class_list":["post-5237","page","type-page","status-publish","has-post-thumbnail","hentry"],"uagb_featured_image_src":{"full":["https:\/\/allgensin.com\/wp-content\/uploads\/2025\/06\/\u516c\u53f8\u7167\u7247-\u5e26LOGO-\u5382\u533a1-scaled.jpg",2560,1551,false],"thumbnail":["https:\/\/allgensin.com\/wp-content\/uploads\/2025\/06\/\u516c\u53f8\u7167\u7247-\u5e26LOGO-\u5382\u533a1-150x150.jpg",150,150,true],"medium":["https:\/\/allgensin.com\/wp-content\/uploads\/2025\/06\/\u516c\u53f8\u7167\u7247-\u5e26LOGO-\u5382\u533a1-300x182.jpg",300,182,true],"medium_large":["https:\/\/allgensin.com\/wp-content\/uploads\/2025\/06\/\u516c\u53f8\u7167\u7247-\u5e26LOGO-\u5382\u533a1-768x465.jpg",768,465,true],"large":["https:\/\/allgensin.com\/wp-content\/uploads\/2025\/06\/\u516c\u53f8\u7167\u7247-\u5e26LOGO-\u5382\u533a1-1024x620.jpg",1024,620,true],"1536x1536":["https:\/\/allgensin.com\/wp-content\/uploads\/2025\/06\/\u516c\u53f8\u7167\u7247-\u5e26LOGO-\u5382\u533a1-1536x931.jpg",1536,931,true],"2048x2048":["https:\/\/allgensin.com\/wp-content\/uploads\/2025\/06\/\u516c\u53f8\u7167\u7247-\u5e26LOGO-\u5382\u533a1-2048x1241.jpg",2048,1241,true],"trp-custom-language-flag":["https:\/\/allgensin.com\/wp-content\/uploads\/2025\/06\/\u516c\u53f8\u7167\u7247-\u5e26LOGO-\u5382\u533a1-scaled.jpg",18,12,false],"woocommerce_thumbnail":["https:\/\/allgensin.com\/wp-content\/uploads\/2025\/06\/\u516c\u53f8\u7167\u7247-\u5e26LOGO-\u5382\u533a1-300x300.jpg",300,300,true],"woocommerce_single":["https:\/\/allgensin.com\/wp-content\/uploads\/2025\/06\/\u516c\u53f8\u7167\u7247-\u5e26LOGO-\u5382\u533a1-600x364.jpg",600,364,true],"woocommerce_gallery_thumbnail":["https:\/\/allgensin.com\/wp-content\/uploads\/2025\/06\/\u516c\u53f8\u7167\u7247-\u5e26LOGO-\u5382\u533a1-100x100.jpg",100,100,true]},"uagb_author_info":{"display_name":"gavintu9353@gmail.com","author_link":"https:\/\/allgensin.com\/fr\/author\/gavintu9353gmail-com\/"},"uagb_comment_info":0,"uagb_excerpt":"About Us Quality Comes First! We Make Sure That Every Minute Detail Is Looked Into While Manufacturing Even The Smallest Product. Our Focus Is 100% On Client Needs And Satisfaction. IVD Compatible Reagent and Consumable 1- Hematology Reagents: Sysmex, Mindray, Beckman, Abbott, Siemens, Dymind, Horiba ABX, Nihoh Koahden, Rayto, Dirui, Urit.2- Urine Strips and Reagents:\u2026","_links":{"self":[{"href":"https:\/\/allgensin.com\/fr\/wp-json\/wp\/v2\/pages\/5237","targetHints":{"allow":["GET"]}}],"collection":[{"href":"https:\/\/allgensin.com\/fr\/wp-json\/wp\/v2\/pages"}],"about":[{"href":"https:\/\/allgensin.com\/fr\/wp-json\/wp\/v2\/types\/page"}],"author":[{"embeddable":true,"href":"https:\/\/allgensin.com\/fr\/wp-json\/wp\/v2\/users\/1"}],"replies":[{"embeddable":true,"href":"https:\/\/allgensin.com\/fr\/wp-json\/wp\/v2\/comments?post=5237"}],"version-history":[{"count":11,"href":"https:\/\/allgensin.com\/fr\/wp-json\/wp\/v2\/pages\/5237\/revisions"}],"predecessor-version":[{"id":5492,"href":"https:\/\/allgensin.com\/fr\/wp-json\/wp\/v2\/pages\/5237\/revisions\/5492"}],"wp:featuredmedia":[{"embeddable":true,"href":"https:\/\/allgensin.com\/fr\/wp-json\/wp\/v2\/media\/5277"}],"wp:attachment":[{"href":"https:\/\/allgensin.com\/fr\/wp-json\/wp\/v2\/media?parent=5237"}],"curies":[{"name":"wp","href":"https:\/\/api.w.org\/{rel}","templated":true}]}}