{"id":6062,"date":"2025-07-14T16:54:10","date_gmt":"2025-07-14T08:54:10","guid":{"rendered":"https:\/\/allgensin.com\/?post_type=product&#038;p=6062"},"modified":"2025-08-08T10:54:36","modified_gmt":"2025-08-08T02:54:36","slug":"robot-semiautomatico-de-extraccion-de-sangre","status":"publish","type":"product","link":"https:\/\/allgensin.com\/es\/producto\/robot-semiautomatico-de-extraccion-de-sangre\/","title":{"rendered":"Robot semiautom\u00e1tico de extracci\u00f3n de sangre"},"content":{"rendered":"<p>Allgensin Divine Needle Series, Robot Autom\u00e1tico de Punci\u00f3n. Es pionero en la percepci\u00f3n inteligente multimodal mec\u00e1nica integrada optoac\u00fastica en China, lo que permite que el equipo funcione de forma autom\u00e1tica y completa sin la operaci\u00f3n activa de ninguna enfermera profesional. Proporciona servicios m\u00e9dicos m\u00e1s amplios y c\u00f3modos para la extracci\u00f3n de sangre, la inyecci\u00f3n y otros procedimientos de punci\u00f3n, y puede detectar a tiempo lesiones tempranas de los vasos sangu\u00edneos. Es una soluci\u00f3n l\u00edder para las dificultades en la extracci\u00f3n de sangre y la punci\u00f3n.<\/p>\n<p>&nbsp;<\/p>\n<p>La Aguja Divina M1 aplica la tecnolog\u00eda de algoritmos de inteligencia artificial al trabajo cooperativo de infrarrojos y ultrasonidos, lo que permite una perspectiva precisa desde dentro hacia fuera. La integraci\u00f3n de la optoac\u00fastica crea un \"ojo\" perspicaz, que ayuda a m\u00e9dicos y enfermeros a encontrar r\u00e1pidamente los vasos sangu\u00edneos venosos y arteriales dif\u00edciles de localizar, desde reci\u00e9n nacidos hasta ancianos.<\/p>\n<p>&nbsp;<\/p>\n<p>Opto - Tecnolog\u00eda de percepci\u00f3n de la fusi\u00f3n ac\u00fastica<\/p>\n<p>1. Medici\u00f3n l\u00e1ser de alta precisi\u00f3n a nivel de micras<\/p>\n<p>2. Im\u00e1genes binoculares infrarrojas estereosc\u00f3picas de los vasos sangu\u00edneos<\/p>\n<p>3. Ultrasonidos de alta frecuencia Im\u00e1genes de la profundidad de los vasos sangu\u00edneos<\/p>\n<p>4. Reconocimiento de venas por flujo sangu\u00edneo Multi - Doppler<\/p>\n<p>Tecnolog\u00eda de reconocimiento visual de IA<\/p>\n<p>1. Reconocimiento de la informaci\u00f3n biol\u00f3gica<\/p>\n<p>2. Reconocimiento de vasos sangu\u00edneos por infrarrojos<\/p>\n<p>3. Posicionamiento \u00f3ptimo del objetivo de punci\u00f3n<\/p>\n<p>4. Ultrasonido multimodal Fusi\u00f3n de vasos sangu\u00edneos<\/p>\n<p>Tecnolog\u00eda de navegaci\u00f3n inteligente por im\u00e1genes<\/p>\n<p>1. Seguimiento din\u00e1mico del objetivo basado en el estado de movimiento<\/p>\n<p>2. Gu\u00eda de im\u00e1genes multimodal<\/p>\n<p>3. Calibraci\u00f3n basada en el posicionamiento \u00f3ptico y la correspondencia de im\u00e1genes<\/p>\n<p>4. Planificaci\u00f3n inteligente de la ruta de punci\u00f3n basada en informaci\u00f3n estructural cl\u00ednica<\/p>\n<p>Tecnolog\u00eda de control multidimensional de alta precisi\u00f3n<\/p>\n<p>1. Tecnolog\u00eda de control de robots de 9 ejes<\/p>\n<p>2. Control de retroalimentaci\u00f3n inversa de im\u00e1genes en tiempo real<\/p>\n<p>3. Fuerza multidimensional - Ajuste adaptativo<\/p>\n<p>Tecnolog\u00eda de interacci\u00f3n inteligente<\/p>\n<p>1. Imagen inteligente - Interacci\u00f3n de voz<\/p>\n<p>2. Supervisi\u00f3n completa del estado del proceso de todo el sistema<\/p>\n<p>3. Conexi\u00f3n integral con HIS\/LIS hospitalario<\/p>\n<p>&nbsp;<\/p>","protected":false},"excerpt":{"rendered":"<div style=\"width: 720px;\" class=\"wp-video\"><video class=\"wp-video-shortcode\" id=\"video-6062-1\" width=\"720\" height=\"1168\" preload=\"metadata\" controls=\"controls\"><source type=\"video\/mp4\" src=\"https:\/\/allgensin.com\/wp-content\/uploads\/2025\/08\/91a4e30d0aea55b1ea4fe5c70da3cbbf.mp4?_=1\" \/><a href=\"https:\/\/allgensin.com\/wp-content\/uploads\/2025\/08\/91a4e30d0aea55b1ea4fe5c70da3cbbf.mp4\">https:\/\/allgensin.com\/wp-content\/uploads\/2025\/08\/91a4e30d0aea55b1ea4fe5c70da3cbbf.mp4<\/a><\/video><\/div>\n<p>Opto - Tecnolog\u00eda de percepci\u00f3n de la fusi\u00f3n ac\u00fastica<\/p>\n<p>Tecnolog\u00eda de reconocimiento visual de IA<\/p>\n<p>Tecnolog\u00eda de navegaci\u00f3n inteligente por im\u00e1genes<\/p>\n<p>Tecnolog\u00eda de control multidimensional de alta precisi\u00f3n<\/p>\n<p>Tecnolog\u00eda de interacci\u00f3n inteligente<\/p>","protected":false},"featured_media":6106,"template":"","meta":{"_surecart_dashboard_logo_width":"180px","_surecart_dashboard_show_logo":true,"_surecart_dashboard_navigation_orders":true,"_surecart_dashboard_navigation_invoices":true,"_surecart_dashboard_navigation_subscriptions":true,"_surecart_dashboard_navigation_downloads":true,"_surecart_dashboard_navigation_billing":true,"_surecart_dashboard_navigation_account":true,"_uag_custom_page_level_css":"","site-sidebar-layout":"default","site-content-layout":"","ast-site-content-layout":"default","site-content-style":"default","site-sidebar-style":"default","ast-global-header-display":"","ast-banner-title-visibility":"","ast-main-header-display":"","ast-hfb-above-header-display":"","ast-hfb-below-header-display":"","ast-hfb-mobile-header-display":"","site-post-title":"","ast-breadcrumbs-content":"","ast-featured-img":"","footer-sml-layout":"","ast-disable-related-posts":"","theme-transparent-header-meta":"default","adv-header-id-meta":"","stick-header-meta":"default","header-above-stick-meta":"","header-main-stick-meta":"","header-below-stick-meta":"","astra-migrate-meta-layouts":"set","ast-page-background-enabled":"default","ast-page-background-meta":{"desktop":{"background-color":"","background-image":"","background-repeat":"repeat","background-position":"center center","background-size":"auto","background-attachment":"scroll","background-type":"","background-media":"","overlay-type":"","overlay-color":"","overlay-opacity":"","overlay-gradient":""},"tablet":{"background-color":"","background-image":"","background-repeat":"repeat","background-position":"center center","background-size":"auto","background-attachment":"scroll","background-type":"","background-media":"","overlay-type":"","overlay-color":"","overlay-opacity":"","overlay-gradient":""},"mobile":{"background-color":"","background-image":"","background-repeat":"repeat","background-position":"center center","background-size":"auto","background-attachment":"scroll","background-type":"","background-media":"","overlay-type":"","overlay-color":"","overlay-opacity":"","overlay-gradient":""}},"ast-content-background-meta":{"desktop":{"background-color":"var(--ast-global-color-5)","background-image":"","background-repeat":"repeat","background-position":"center center","background-size":"auto","background-attachment":"scroll","background-type":"","background-media":"","overlay-type":"","overlay-color":"","overlay-opacity":"","overlay-gradient":""},"tablet":{"background-color":"var(--ast-global-color-5)","background-image":"","background-repeat":"repeat","background-position":"center center","background-size":"auto","background-attachment":"scroll","background-type":"","background-media":"","overlay-type":"","overlay-color":"","overlay-opacity":"","overlay-gradient":""},"mobile":{"background-color":"var(--ast-global-color-5)","background-image":"","background-repeat":"repeat","background-position":"center center","background-size":"auto","background-attachment":"scroll","background-type":"","background-media":"","overlay-type":"","overlay-color":"","overlay-opacity":"","overlay-gradient":""}}},"product_brand":[76],"product_cat":[147],"product_tag":[],"class_list":{"0":"post-6062","1":"product","2":"type-product","3":"status-publish","4":"has-post-thumbnail","6":"product_brand-allgensin","7":"product_cat-blood-collection-robot","8":"desktop-align-left","9":"tablet-align-left","10":"mobile-align-left","12":"first","13":"instock","14":"shipping-taxable","15":"product-type-simple"},"uagb_featured_image_src":{"full":["https:\/\/allgensin.com\/wp-content\/uploads\/2025\/07\/Photo-robot-scaled.jpg",1576,2560,false],"thumbnail":["https:\/\/allgensin.com\/wp-content\/uploads\/2025\/07\/Photo-robot-150x150.jpg",150,150,true],"medium":["https:\/\/allgensin.com\/wp-content\/uploads\/2025\/07\/Photo-robot-185x300.jpg",185,300,true],"medium_large":["https:\/\/allgensin.com\/wp-content\/uploads\/2025\/07\/Photo-robot-768x1247.jpg",768,1247,true],"large":["https:\/\/allgensin.com\/wp-content\/uploads\/2025\/07\/Photo-robot-630x1024.jpg",630,1024,true],"1536x1536":["https:\/\/allgensin.com\/wp-content\/uploads\/2025\/07\/Photo-robot-946x1536.jpg",946,1536,true],"2048x2048":["https:\/\/allgensin.com\/wp-content\/uploads\/2025\/07\/Photo-robot-1261x2048.jpg",1261,2048,true],"trp-custom-language-flag":["https:\/\/allgensin.com\/wp-content\/uploads\/2025\/07\/Photo-robot-7x12.jpg",7,12,true],"woocommerce_thumbnail":["https:\/\/allgensin.com\/wp-content\/uploads\/2025\/07\/Photo-robot-300x300.jpg",300,300,true],"woocommerce_single":["https:\/\/allgensin.com\/wp-content\/uploads\/2025\/07\/Photo-robot-600x974.jpg",600,974,true],"woocommerce_gallery_thumbnail":["https:\/\/allgensin.com\/wp-content\/uploads\/2025\/07\/Photo-robot-100x100.jpg",100,100,true]},"uagb_author_info":{"display_name":"gavintu9353@gmail.com","author_link":"https:\/\/allgensin.com\/es\/author\/"},"uagb_comment_info":0,"uagb_excerpt":"[video width=\"720\" height=\"1168\" mp4=\"https:\/\/allgensin.com\/wp-content\/uploads\/2025\/08\/91a4e30d0aea55b1ea4fe5c70da3cbbf.mp4\"][\/video] Opto - Acoustic Fusion Perception Technology AI Visual Recognition Technology Intelligent Image Navigation Technology Multi - Dimensional High - Precision Control Technology Intelligent Interaction Technology","_links":{"self":[{"href":"https:\/\/allgensin.com\/es\/wp-json\/wp\/v2\/product\/6062","targetHints":{"allow":["GET"]}}],"collection":[{"href":"https:\/\/allgensin.com\/es\/wp-json\/wp\/v2\/product"}],"about":[{"href":"https:\/\/allgensin.com\/es\/wp-json\/wp\/v2\/types\/product"}],"wp:featuredmedia":[{"embeddable":true,"href":"https:\/\/allgensin.com\/es\/wp-json\/wp\/v2\/media\/6106"}],"wp:attachment":[{"href":"https:\/\/allgensin.com\/es\/wp-json\/wp\/v2\/media?parent=6062"}],"wp:term":[{"taxonomy":"product_brand","embeddable":true,"href":"https:\/\/allgensin.com\/es\/wp-json\/wp\/v2\/product_brand?post=6062"},{"taxonomy":"product_cat","embeddable":true,"href":"https:\/\/allgensin.com\/es\/wp-json\/wp\/v2\/product_cat?post=6062"},{"taxonomy":"product_tag","embeddable":true,"href":"https:\/\/allgensin.com\/es\/wp-json\/wp\/v2\/product_tag?post=6062"}],"curies":[{"name":"wp","href":"https:\/\/api.w.org\/{rel}","templated":true}]}}