{"id":5238,"date":"2025-06-03T13:37:39","date_gmt":"2025-06-03T13:37:39","guid":{"rendered":"https:\/\/allgensin.com\/products-2\/"},"modified":"2025-07-01T22:57:55","modified_gmt":"2025-07-01T14:57:55","slug":"opinion-del-usuario","status":"publish","type":"page","link":"https:\/\/allgensin.com\/es\/opinion-del-usuario\/","title":{"rendered":"Opini\u00f3n del usuario"},"content":{"rendered":"<div class=\"wp-block-uagb-container uagb-block-61b7f5e0 alignfull uagb-is-root-container\"><div class=\"uagb-container-inner-blocks-wrap\">\n<div class=\"wp-block-uagb-advanced-heading uagb-block-8114b16d\"><h1 class=\"uagb-heading-text\">Opiniones de usuarios<\/h1><\/div>\n<\/div><\/div>\n\n\n\n<div class=\"wp-block-uagb-container uagb-layout-grid uagb-block-489a6aba alignfull uagb-is-root-container\"><div class=\"uagb-container-inner-blocks-wrap\">\n<div class=\"wp-block-uagb-info-box uagb-block-6c5ef147 uagb-infobox__content-wrap  uagb-infobox-icon-above-title uagb-infobox-image-valign-top\"><div class=\"uagb-ifb-content\"><div class=\"uagb-ifb-title-wrap\"><h5 class=\"uagb-ifb-title-prefix\">M\u00e1s de 100.000 clientes opinan favorablemente sobre los productos compatibles con Allgensin<\/h5><h2 class=\"uagb-ifb-title\">La misma calidad que las marcas famosas originales<\/h2><\/div><p class=\"uagb-ifb-desc\"><strong>Rese\u00f1as de algunos clientes:<\/strong><br><strong>Italia<\/strong> Laboratorio Artem****: Excelentes reactivos de hematolog\u00eda en XN-1000, que es totalmente igual con el fabricante original Sysmex.<br><strong>Grecia<\/strong> Laboratorio del Instituto Pas****: Como mi antigua hematolog\u00eda Mindray est\u00e1 fuera del alcance del servicio del distribuidor, Allgensin me da soporte de servicio y reactivos compatibles que hacen que el antiguo BC-5150 sea reactivo de nuevo.<br><strong>Polonia<\/strong> Pu*** Pob*** Lab : Las cubetas de coagulaci\u00f3n compatibles Stago y las puntas y cubetas compatibles Roche facilitan el control de costes de nuestro centro privado.<br><strong>Panam\u00e1<\/strong> Distribuidor Gra*****: Como el subdistribuidor de GE ultrasonido, antes de que yo soy bastante dolor de cabeza acerca de la reparaci\u00f3n de la sonda y el cambio, como versi\u00f3n original, Allgensin darme oferta muy barata para la reparaci\u00f3n de la sonda y el precio mucho m\u00e1s bajo para las nuevas sondas, mientras que la imagen es la misma, la gama de LOGIQ, VOLUSON, VIVID, el cliente como mucho.<br><strong>Chile<\/strong> Newme***** Distribuidor: Hemos disfrutado de la cooperaci\u00f3n con Allgensin en el servicio de reparaci\u00f3n de endoscopios, piezas de repuesto son muy baratos, pero llegar a la misma imagen que Olympus proporciona.<br><strong>Kenia<\/strong> Math*** Medical College: Como un laboratorio universitario, Allgensin nos dan super buen producto incluyendo centr\u00edfuga, pipeta, espectr\u00f3metro, cromat\u00f3grafo, y la columna de cromat\u00f3grafo buena para Agilent que es mucho m\u00e1s barato que el fabricante original.<br><strong>Nigeria<\/strong> FF*** Trading Serivce Limited: Como a la mayor\u00eda de los laboratorios les gustan las marcas de la UE\/Jap\u00f3n, pero tienen un presupuesto limitado, Allgensin ofrece una soluci\u00f3n muy buena, ya que proporciona m\u00e1quinas de almac\u00e9n chinas, incluso si se almacenan durante 2-5 a\u00f1os, pero Allgensin vuelve a comprobar todo antes de la entrega, al cliente le gusta mucho, ya hemos comprado muchos Sysmex XN-350, XN-550, XS-500i.<\/p><\/div><\/div>\n\n\n\n<div class=\"wp-block-uagb-image uagb-block-964a3df0 wp-block-uagb-image--layout-default wp-block-uagb-image--effect-static wp-block-uagb-image--align-none\"><figure class=\"wp-block-uagb-image__figure\"><img loading=\"lazy\" decoding=\"async\" srcset=\"https:\/\/allgensin.com\/wp-content\/uploads\/2025\/07\/BCD.jpg ,https:\/\/allgensin.com\/wp-content\/uploads\/2025\/07\/BCD.jpg 780w, https:\/\/allgensin.com\/wp-content\/uploads\/2025\/07\/BCD.jpg 360w\" sizes=\"auto, (max-width: 480px) 150px\" src=\"https:\/\/allgensin.com\/wp-content\/uploads\/2025\/07\/BCD.jpg\" alt=\"\" class=\"uag-image-5784\" width=\"284\" height=\"500\" title=\"BCD\" role=\"img\"\/><\/figure><\/div>\n\n\n\n<div class=\"wp-block-uagb-image uagb-block-a8629531 wp-block-uagb-image--layout-default wp-block-uagb-image--effect-static wp-block-uagb-image--align-none\"><figure class=\"wp-block-uagb-image__figure\"><img loading=\"lazy\" decoding=\"async\" srcset=\"https:\/\/allgensin.com\/wp-content\/uploads\/2025\/07\/\u5f71\u50cf\u76f8\u5173.jpg ,https:\/\/allgensin.com\/wp-content\/uploads\/2025\/07\/\u5f71\u50cf\u76f8\u5173.jpg 780w, https:\/\/allgensin.com\/wp-content\/uploads\/2025\/07\/\u5f71\u50cf\u76f8\u5173.jpg 360w\" sizes=\"auto, (max-width: 480px) 150px\" src=\"https:\/\/allgensin.com\/wp-content\/uploads\/2025\/07\/\u5f71\u50cf\u76f8\u5173.jpg\" alt=\"\" class=\"uag-image-5786\" width=\"284\" height=\"500\" title=\"\u5f71\u50cf\u76f8\u5173\" role=\"img\"\/><\/figure><\/div>\n<\/div><\/div>\n\n\n\n<div class=\"wp-block-uagb-container uagb-block-485602c2 alignfull uagb-is-root-container\"><div class=\"uagb-container-inner-blocks-wrap\">\n<div class=\"wp-block-uagb-info-box uagb-block-27605b80 uagb-infobox__content-wrap  uagb-infobox-icon-above-title uagb-infobox-image-valign-top\"><div class=\"uagb-ifb-content\"><div class=\"uagb-ifb-title-wrap\"><h5 class=\"uagb-ifb-title-prefix\">Nuestros principales productos<\/h5><h2 class=\"uagb-ifb-title\">Calidad m\u00e1s all\u00e1 de su imaginaci\u00f3n<br>El precio baja mucho<br>Su margen aumenta m\u00e1s<\/h2><\/div><\/div><\/div>\n<\/div><\/div>\n\n\n\n<div class=\"wp-block-uagb-container uagb-layout-grid uagb-block-a754b6db alignfull uagb-is-root-container\"><div class=\"uagb-container-inner-blocks-wrap\">\n<div class=\"wp-block-uagb-info-box uagb-block-7e6477fa uagb-infobox__content-wrap  uagb-infobox-icon-above-title uagb-infobox-image-valign-top\"><div class=\"uagb-ifb-content\"><div class=\"uagb-ifb-title-wrap\"><div class=\"uagb-ifb-separator\"><\/div><h4 class=\"uagb-ifb-title\">Reactivos y consumibles compatibles con el DIV<\/h4><\/div><p class=\"uagb-ifb-desc\"><strong>1-&nbsp;<a>Reactivos hematol\u00f3gicos<\/a><\/strong><a>: Sysmex, Mindray, Beckman, Abbott, Siemens, Dymind, Horiba ABX, Nihoh Koahden, Rayto, Dirui, Urit.<\/a><br><strong>2- Tiras de orina y reactivos<\/strong>: Sysmex, Arkray, Dirui, Urit, AVE, GEB.<br><strong>3- Reactivos y consumibles qu\u00edmicos<\/strong>: Roche, Hitachi, Abbott, Siemens, Beckman.Mindray, Toshiba, Dirui, Urit.<br><strong>4- Reactivos de coagulaci\u00f3n y consumibles<\/strong>: Sekisui, Biochem, Sunbio, Rayto, Mindray.<br><strong>5 -CLIA Reactivo original (exportado de la UE)<\/strong>: Roche, Abbott, VIDAS.<\/p><\/div><\/div>\n\n\n\n<div class=\"wp-block-uagb-info-box uagb-block-8f76c366 uagb-infobox__content-wrap  uagb-infobox-icon-above-title uagb-infobox-image-valign-top\"><div class=\"uagb-ifb-content\"><div class=\"uagb-ifb-title-wrap\"><div class=\"uagb-ifb-separator\"><\/div><h4 class=\"uagb-ifb-title\">Compatibles con ultrasonidos y endoscopios<\/h4><\/div><p class=\"uagb-ifb-desc\"><strong>1- Reparaci\u00f3n de ultrasonidos y sondas de ultrasonidos compatibles<\/strong>, cubriendo todas las marcas con GE, Philips, Siemens, Hitachi, Esaote, Medison, Mindray, etc.<br><strong>2- Recambios para endoscopios<\/strong>: Cubre el cable de la c\u00e1mara, el cable de las piezas de mano de afeitar, el acoplador de cables, el cable de fibra \u00f3ptica, etc.<br><strong>3- Servicios de reparaci\u00f3n de endoscopios y equipos centrales<\/strong><br>Marcas: STORZ, WOLF, smith &amp; nephew, Medtronic, OLYMPUS, stryker, SPINENDOS, maxMorespine, joimax, mindray, GYRUS ACMI, etc.<\/p><\/div><\/div>\n\n\n\n<div class=\"wp-block-uagb-info-box uagb-block-165c4ed6 uagb-infobox__content-wrap  uagb-infobox-icon-above-title uagb-infobox-image-valign-top wp-block-uagb-info-box--has-margin\"><div class=\"uagb-infobox-margin-wrapper\"><div class=\"uagb-ifb-content\"><div class=\"uagb-ifb-title-wrap\"><div class=\"uagb-ifb-separator\"><\/div><h4 class=\"uagb-ifb-title\">Equipos anal\u00edticos y consumibles compatibles<\/h4><\/div><p class=\"uagb-ifb-desc\"><strong>1- Proporcionar equipos anal\u00edticos precisos y nuevos<\/strong>Cromat\u00f3grafo, Espectr\u00f3metro de masas, Espectr\u00f3metro, Detector de PH, Turbid\u00edmetro, cubriendo todo tipo de aplicaciones, tales como detecci\u00f3n de agua, detecci\u00f3n medioambiental, detecci\u00f3n de drogas, detecci\u00f3n farmac\u00e9utica.&nbsp;<br><strong>2- Consumibles compatibles con todo tipo de sistemas (cromat\u00f3grafo, espectr\u00f3metro de masas, espectr\u00f3metro)<\/strong> para las marcas de Agilent \/ Thermo \/ Beckman \/ Waters \/ Shimadzu \/ Metrohm, tales como <em>HPLC<\/em> Columna para Agilent 1260\/1290, Waters Alliance\/e2695, <em>GC<\/em> Columna para Agilent 7890A, Thermo TRACE 1300, <em>IC<\/em> Columna para Thermo Dionex ICS-5000, Metrohm 850, Filtro de jeringa, Vial, Septum, Liner.<br><br><\/p><\/div><\/div><\/div>\n\n\n\n<div class=\"wp-block-uagb-info-box uagb-block-95ee04dd uagb-infobox__content-wrap  uagb-infobox-icon-above-title uagb-infobox-image-valign-top\"><div class=\"uagb-ifb-content\"><div class=\"uagb-ifb-title-wrap\"><div class=\"uagb-ifb-separator\"><\/div><h4 class=\"uagb-ifb-title\">Almac\u00e9n de equipos nuevos y reacondicionados de marcas famosas <\/h4><\/div><p class=\"uagb-ifb-desc\"><strong>1- Almac\u00e9n de material nuevo envejecido<\/strong><br>Hematolog\u00eda- Sysmex, Mindray, Dymind.<br>Coagulaci\u00f3n - Stago, Werfen, Sysmex.<br>Qu\u00edmica - Roche, Abbott, Mindray.<br>CLIA - Roche, Abbott, VIDAS.<br>Ultrasonidos - GE, Philips, Siemens, Esaote, Mindray, Medison, Hitachi.<br>Endoscopio - Olympus, Storz, Fujinon, WOLF.<br>Otros.<br><strong>2- Equipos reacondicionados<\/strong><br>IVD - Hematolog\u00eda, Coagulaci\u00f3n, Qu\u00edmica, CLIA.<br>Imagen m\u00e9dica - Ecograf\u00eda, Endoscopio.<br>PMLS: Ventilador, Anestesia, Monitor de Paciente, ECG.<br>Otros.<\/p><\/div><\/div>\n<\/div><\/div>\n\n\n\n<div class=\"wp-block-uagb-container uagb-layout-flex uagb-block-af5df69f alignfull uagb-is-root-container\"><div class=\"uagb-container-inner-blocks-wrap\">\n<div class=\"wp-block-uagb-call-to-action uagb-block-d83192c0 wp-block-button\"><div class=\"uagb-cta__wrap\"><h3 class=\"uagb-cta__title\">Si necesita m\u00e1s informaci\u00f3n, p\u00f3ngase en contacto con nosotros.<\/h3><p class=\"uagb-cta__desc\">Haga clic aqu\u00ed para cambiar este texto. Lorem ipsum dolor sit amet, consectetur adipiscing elit. Ut elit tellus, luctus nec ullamcorper mattis, pulvinar dapibus leo.<\/p><\/div><div class=\"uagb-cta__buttons\"><a href=\"#\" class=\"uagb-cta__button-link-wrapper wp-block-button__link\" target=\"_self\" rel=\"noopener noreferrer\">M\u00e1s informaci\u00f3n<\/a><\/div><\/div>\n<\/div><\/div>\n\n\n\n<p><\/p>","protected":false},"excerpt":{"rendered":"<p>Opiniones de usuarios<\/p>","protected":false},"author":1,"featured_media":0,"parent":0,"menu_order":0,"comment_status":"closed","ping_status":"closed","template":"","meta":{"_surecart_dashboard_logo_width":"180px","_surecart_dashboard_show_logo":true,"_surecart_dashboard_navigation_orders":true,"_surecart_dashboard_navigation_invoices":true,"_surecart_dashboard_navigation_subscriptions":true,"_surecart_dashboard_navigation_downloads":true,"_surecart_dashboard_navigation_billing":true,"_surecart_dashboard_navigation_account":true,"_uag_custom_page_level_css":"","site-sidebar-layout":"no-sidebar","site-content-layout":"plain-container","ast-site-content-layout":"normal-width-container","site-content-style":"unboxed","site-sidebar-style":"unboxed","ast-global-header-display":"","ast-banner-title-visibility":"","ast-main-header-display":"","ast-hfb-above-header-display":"","ast-hfb-below-header-display":"","ast-hfb-mobile-header-display":"","site-post-title":"disabled","ast-breadcrumbs-content":"","ast-featured-img":"disabled","footer-sml-layout":"","ast-disable-related-posts":"","theme-transparent-header-meta":"enabled","adv-header-id-meta":"","stick-header-meta":"","header-above-stick-meta":"","header-main-stick-meta":"","header-below-stick-meta":"","astra-migrate-meta-layouts":"set","ast-page-background-enabled":"default","ast-page-background-meta":{"desktop":{"background-color":"","background-image":"","background-repeat":"repeat","background-position":"center center","background-size":"auto","background-attachment":"scroll","background-type":"","background-media":"","overlay-type":"","overlay-color":"","overlay-opacity":"","overlay-gradient":""},"tablet":{"background-color":"","background-image":"","background-repeat":"repeat","background-position":"center center","background-size":"auto","background-attachment":"scroll","background-type":"","background-media":"","overlay-type":"","overlay-color":"","overlay-opacity":"","overlay-gradient":""},"mobile":{"background-color":"","background-image":"","background-repeat":"repeat","background-position":"center center","background-size":"auto","background-attachment":"scroll","background-type":"","background-media":"","overlay-type":"","overlay-color":"","overlay-opacity":"","overlay-gradient":""}},"ast-content-background-meta":{"desktop":{"background-color":"var(--ast-global-color-5)","background-image":"","background-repeat":"repeat","background-position":"center center","background-size":"auto","background-attachment":"scroll","background-type":"","background-media":"","overlay-type":"","overlay-color":"","overlay-opacity":"","overlay-gradient":""},"tablet":{"background-color":"var(--ast-global-color-5)","background-image":"","background-repeat":"repeat","background-position":"center center","background-size":"auto","background-attachment":"scroll","background-type":"","background-media":"","overlay-type":"","overlay-color":"","overlay-opacity":"","overlay-gradient":""},"mobile":{"background-color":"var(--ast-global-color-5)","background-image":"","background-repeat":"repeat","background-position":"center center","background-size":"auto","background-attachment":"scroll","background-type":"","background-media":"","overlay-type":"","overlay-color":"","overlay-opacity":"","overlay-gradient":""}},"footnotes":""},"class_list":["post-5238","page","type-page","status-publish","hentry"],"uagb_featured_image_src":{"full":false,"thumbnail":false,"medium":false,"medium_large":false,"large":false,"1536x1536":false,"2048x2048":false,"trp-custom-language-flag":false,"woocommerce_thumbnail":false,"woocommerce_single":false,"woocommerce_gallery_thumbnail":false},"uagb_author_info":{"display_name":"gavintu9353@gmail.com","author_link":"https:\/\/allgensin.com\/es\/author\/gavintu9353gmail-com\/"},"uagb_comment_info":0,"uagb_excerpt":"User Reviews","_links":{"self":[{"href":"https:\/\/allgensin.com\/es\/wp-json\/wp\/v2\/pages\/5238","targetHints":{"allow":["GET"]}}],"collection":[{"href":"https:\/\/allgensin.com\/es\/wp-json\/wp\/v2\/pages"}],"about":[{"href":"https:\/\/allgensin.com\/es\/wp-json\/wp\/v2\/types\/page"}],"author":[{"embeddable":true,"href":"https:\/\/allgensin.com\/es\/wp-json\/wp\/v2\/users\/1"}],"replies":[{"embeddable":true,"href":"https:\/\/allgensin.com\/es\/wp-json\/wp\/v2\/comments?post=5238"}],"version-history":[{"count":18,"href":"https:\/\/allgensin.com\/es\/wp-json\/wp\/v2\/pages\/5238\/revisions"}],"predecessor-version":[{"id":5787,"href":"https:\/\/allgensin.com\/es\/wp-json\/wp\/v2\/pages\/5238\/revisions\/5787"}],"wp:attachment":[{"href":"https:\/\/allgensin.com\/es\/wp-json\/wp\/v2\/media?parent=5238"}],"curies":[{"name":"wp","href":"https:\/\/api.w.org\/{rel}","templated":true}]}}